{"id":522,"date":"2024-08-08T12:02:30","date_gmt":"2024-08-08T10:02:30","guid":{"rendered":"https:\/\/afmb35.org\/?page_id=522"},"modified":"2025-02-19T20:02:47","modified_gmt":"2025-02-19T19:02:47","slug":"adhesion-maison-de-la-francophonie-bretagne","status":"publish","type":"page","link":"https:\/\/afmb35.org\/index.php\/adhesion-maison-de-la-francophonie-bretagne\/","title":{"rendered":"Adh\u00e9sion"},"content":{"rendered":"\n<figure class=\"wp-block-image aligncenter size-large is-resized is-style-default\"><img loading=\"lazy\" decoding=\"async\" width=\"1024\" height=\"580\" src=\"https:\/\/afmb35.org\/wp-content\/uploads\/2024\/08\/Revision-logo-AFMB35ver-2-trans-Blanc-1-1024x580.png\" alt=\"\" class=\"wp-image-196\" style=\"width:241px;height:auto\" srcset=\"https:\/\/afmb35.org\/wp-content\/uploads\/2024\/08\/Revision-logo-AFMB35ver-2-trans-Blanc-1-1024x580.png 1024w, https:\/\/afmb35.org\/wp-content\/uploads\/2024\/08\/Revision-logo-AFMB35ver-2-trans-Blanc-1-300x170.png 300w, https:\/\/afmb35.org\/wp-content\/uploads\/2024\/08\/Revision-logo-AFMB35ver-2-trans-Blanc-1-768x435.png 768w, https:\/\/afmb35.org\/wp-content\/uploads\/2024\/08\/Revision-logo-AFMB35ver-2-trans-Blanc-1.png 1445w\" sizes=\"auto, (max-width: 1024px) 100vw, 1024px\" \/><\/figure>\n\n\n\n<div style=\"background-image:url(&apos;https:\/\/afmb35.org\/wp-content\/uploads\/2024\/08\/20230826_web.jpg&apos;);background-position:48% 64%;background-size:cover;\" class=\"wp-block-group is-layout-constrained wp-block-group-is-layout-constrained has-background\">\n<h1 class=\"wp-block-heading has-text-align-center has-white-color has-text-color has-link-color wp-elements-c299e3c3d6a896e6a1a38bdb221438a2\">Adh\u00e9sion<\/h1>\n<\/div>\n\n\n\n<div class=\"wp-block-group has-ast-global-color-7-background-color has-background is-layout-constrained wp-block-group-is-layout-constrained\">\n<p class=\"has-black-color has-text-color has-link-color wp-elements-011e0d7c37ea42e7dedf8e7b2c369765\" style=\"font-size:24px\">Pour \u00eatre membre de notre association, nous vous proposons une adh\u00e9sion au format papier et prochainement une version num\u00e9rique en ligne via l&rsquo;organisme Helloasso.<\/p>\n\n\n\n<h2 class=\"wp-block-heading has-text-align-center has-text-color has-link-color wp-elements-d99d94c8a41eb89507eddc8893751df6\" style=\"color:#006db6;font-size:24px\"><strong>Notre bulletin d&rsquo;adh\u00e9sion :<\/strong><\/h2>\n\n\n\n<div class=\"wp-block-uagb-image aligncenter uagb-block-806a24d3 wp-block-uagb-image--layout-default wp-block-uagb-image--effect-zoomin wp-block-uagb-image--align-center\"><figure class=\"wp-block-uagb-image__figure\"><a class=\"\" href=\"https:\/\/afmb35.org\/wp-content\/uploads\/2025\/02\/Formulaire-adhesion-AFMB35-2025-b.pdf\" target=\"_blank\" rel=\"noreferrer noopener\"><img decoding=\"async\" srcset=\"https:\/\/afmb35.org\/wp-content\/uploads\/2025\/02\/Formulaire-adhesion-AFMB35-2025-1-724x1024.png ,https:\/\/afmb35.org\/wp-content\/uploads\/2025\/02\/Formulaire-adhesion-AFMB35-2025-1.png 780w, https:\/\/afmb35.org\/wp-content\/uploads\/2025\/02\/Formulaire-adhesion-AFMB35-2025-1.png 360w\" sizes=\"auto, (max-width: 480px) 150px\" src=\"https:\/\/afmb35.org\/wp-content\/uploads\/2025\/02\/Formulaire-adhesion-AFMB35-2025-1-724x1024.png\" alt=\"\" class=\"uag-image-1297\" width=\"724\" height=\"1024\" title=\"Formulaire-adh\u00e9sion-AFMB35-2025\" loading=\"lazy\" role=\"img\"\/><\/a><\/figure><\/div>\n\n\n\n<p class=\"has-text-align-center has-black-color has-text-color has-link-color wp-elements-9c1bb1cfc03b4b67ee4283e536b85a31\" style=\"font-size:24px\">Pour t\u00e9l\u00e9charger notre bulletin d&rsquo;adh\u00e9sion avec les champs que vous pouvez remplir directement sur ce fichier PDF, cliquer sur la photo ci-dessus ou ce lien : <a href=\"https:\/\/afmb35.org\/wp-content\/uploads\/2025\/02\/Formulaire-adhesion-AFMB35-2025-b.pdf\" target=\"_blank\" rel=\"noreferrer noopener\">adh\u00e9sion Ici<\/a><\/p>\n\n\n\n<p><\/p>\n\n\n\n<p><\/p>\n\n\n\n<h2 class=\"wp-block-heading has-text-align-center has-text-color has-link-color wp-elements-97a0b8492dcd2c0618d0cf383cb21bf3\" style=\"color:#006db6;font-size:24px\"><strong>Adh\u00e9sion en ligne :<\/strong><\/h2>\n<\/div>\n\n\n\n<div class=\"wp-block-columns alignwide are-vertically-aligned-center is-layout-flex wp-container-core-columns-is-layout-28f84493 wp-block-columns-is-layout-flex\">\n<div class=\"wp-block-column is-layout-flow wp-block-column-is-layout-flow\">\n<div style=\"height:0px\" aria-hidden=\"true\" class=\"wp-block-spacer\"><\/div>\n\n\n\n<p class=\"has-text-align-center has-white-color has-text-color has-link-color wp-elements-45907320d5d2a981ceb3ca22fa1f352a\" style=\"font-size:20px\"><strong>Association  de la Maison de la Francophonie de Bretagne<\/strong>, 9 rue des Cottages &#8211; 35400 SAINT-MALO &#8211; <a href=\"mailto:contact@afmb35.org\">contact@afmb35.org<\/a><\/p>\n\n\n\n<figure class=\"wp-block-image aligncenter size-large is-resized\"><img loading=\"lazy\" decoding=\"async\" width=\"1024\" height=\"538\" src=\"https:\/\/afmb35.org\/wp-content\/uploads\/2024\/08\/logo-AFMB35-pour-Rankseo-1024x538.png\" alt=\"Logo AFMB35 SEO\" class=\"wp-image-695\" style=\"width:240px;height:auto\" srcset=\"https:\/\/afmb35.org\/wp-content\/uploads\/2024\/08\/logo-AFMB35-pour-Rankseo-1024x538.png 1024w, https:\/\/afmb35.org\/wp-content\/uploads\/2024\/08\/logo-AFMB35-pour-Rankseo-300x158.png 300w, https:\/\/afmb35.org\/wp-content\/uploads\/2024\/08\/logo-AFMB35-pour-Rankseo-768x403.png 768w, https:\/\/afmb35.org\/wp-content\/uploads\/2024\/08\/logo-AFMB35-pour-Rankseo.png 1200w\" sizes=\"auto, (max-width: 1024px) 100vw, 1024px\" \/><figcaption class=\"wp-element-caption\">Logo AFMB35 SEO<\/figcaption><\/figure>\n<\/div>\n<\/div>\n\n\n\n<p><\/p>\n","protected":false},"excerpt":{"rendered":"<p>Adh\u00e9sion Pour \u00eatre membre de notre association, nous vous proposons une adh\u00e9sion au format papier et prochainement une version num\u00e9rique en ligne via l&rsquo;organisme Helloasso. Notre bulletin d&rsquo;adh\u00e9sion : Pour [&hellip;]<\/p>\n","protected":false},"author":2,"featured_media":179,"parent":0,"menu_order":0,"comment_status":"closed","ping_status":"closed","template":"","meta":{"_uag_custom_page_level_css":"","site-sidebar-layout":"default","site-content-layout":"","ast-site-content-layout":"default","site-content-style":"default","site-sidebar-style":"default","ast-global-header-display":"","ast-banner-title-visibility":"","ast-main-header-display":"","ast-hfb-above-header-display":"","ast-hfb-below-header-display":"","ast-hfb-mobile-header-display":"","site-post-title":"disabled","ast-breadcrumbs-content":"","ast-featured-img":"","footer-sml-layout":"","ast-disable-related-posts":"","theme-transparent-header-meta":"","adv-header-id-meta":"","stick-header-meta":"","header-above-stick-meta":"","header-main-stick-meta":"","header-below-stick-meta":"","astra-migrate-meta-layouts":"default","ast-page-background-enabled":"default","ast-page-background-meta":{"desktop":{"background-color":"var(--ast-global-color-4)","background-image":"","background-repeat":"repeat","background-position":"center center","background-size":"auto","background-attachment":"scroll","background-type":"","background-media":"","overlay-type":"","overlay-color":"","overlay-opacity":"","overlay-gradient":""},"tablet":{"background-color":"","background-image":"","background-repeat":"repeat","background-position":"center center","background-size":"auto","background-attachment":"scroll","background-type":"","background-media":"","overlay-type":"","overlay-color":"","overlay-opacity":"","overlay-gradient":""},"mobile":{"background-color":"","background-image":"","background-repeat":"repeat","background-position":"center center","background-size":"auto","background-attachment":"scroll","background-type":"","background-media":"","overlay-type":"","overlay-color":"","overlay-opacity":"","overlay-gradient":""}},"ast-content-background-meta":{"desktop":{"background-color":"var(--ast-global-color-5)","background-image":"","background-repeat":"repeat","background-position":"center center","background-size":"auto","background-attachment":"scroll","background-type":"","background-media":"","overlay-type":"","overlay-color":"","overlay-opacity":"","overlay-gradient":""},"tablet":{"background-color":"var(--ast-global-color-5)","background-image":"","background-repeat":"repeat","background-position":"center center","background-size":"auto","background-attachment":"scroll","background-type":"","background-media":"","overlay-type":"","overlay-color":"","overlay-opacity":"","overlay-gradient":""},"mobile":{"background-color":"var(--ast-global-color-5)","background-image":"","background-repeat":"repeat","background-position":"center center","background-size":"auto","background-attachment":"scroll","background-type":"","background-media":"","overlay-type":"","overlay-color":"","overlay-opacity":"","overlay-gradient":""}},"footnotes":""},"class_list":["post-522","page","type-page","status-publish","has-post-thumbnail","hentry"],"uagb_featured_image_src":{"full":["https:\/\/afmb35.org\/wp-content\/uploads\/2024\/08\/logo-AFMB35-512-512.png",512,512,false],"thumbnail":["https:\/\/afmb35.org\/wp-content\/uploads\/2024\/08\/logo-AFMB35-512-512-150x150.png",150,150,true],"medium":["https:\/\/afmb35.org\/wp-content\/uploads\/2024\/08\/logo-AFMB35-512-512-300x300.png",300,300,true],"medium_large":["https:\/\/afmb35.org\/wp-content\/uploads\/2024\/08\/logo-AFMB35-512-512.png",512,512,false],"large":["https:\/\/afmb35.org\/wp-content\/uploads\/2024\/08\/logo-AFMB35-512-512.png",512,512,false],"1536x1536":["https:\/\/afmb35.org\/wp-content\/uploads\/2024\/08\/logo-AFMB35-512-512.png",512,512,false],"2048x2048":["https:\/\/afmb35.org\/wp-content\/uploads\/2024\/08\/logo-AFMB35-512-512.png",512,512,false]},"uagb_author_info":{"display_name":"Jean-Luc VILLETTE","author_link":"https:\/\/afmb35.org\/author\/jean-luc\/"},"uagb_comment_info":0,"uagb_excerpt":"Adh\u00e9sion Pour \u00eatre membre de notre association, nous vous proposons une adh\u00e9sion au format papier et prochainement une version num\u00e9rique en ligne via l&rsquo;organisme Helloasso. Notre bulletin d&rsquo;adh\u00e9sion : Pour [&hellip;]","_links":{"self":[{"href":"https:\/\/afmb35.org\/index.php\/wp-json\/wp\/v2\/pages\/522","targetHints":{"allow":["GET"]}}],"collection":[{"href":"https:\/\/afmb35.org\/index.php\/wp-json\/wp\/v2\/pages"}],"about":[{"href":"https:\/\/afmb35.org\/index.php\/wp-json\/wp\/v2\/types\/page"}],"author":[{"embeddable":true,"href":"https:\/\/afmb35.org\/index.php\/wp-json\/wp\/v2\/users\/2"}],"replies":[{"embeddable":true,"href":"https:\/\/afmb35.org\/index.php\/wp-json\/wp\/v2\/comments?post=522"}],"version-history":[{"count":31,"href":"https:\/\/afmb35.org\/index.php\/wp-json\/wp\/v2\/pages\/522\/revisions"}],"predecessor-version":[{"id":1306,"href":"https:\/\/afmb35.org\/index.php\/wp-json\/wp\/v2\/pages\/522\/revisions\/1306"}],"wp:featuredmedia":[{"embeddable":true,"href":"https:\/\/afmb35.org\/index.php\/wp-json\/wp\/v2\/media\/179"}],"wp:attachment":[{"href":"https:\/\/afmb35.org\/index.php\/wp-json\/wp\/v2\/media?parent=522"}],"curies":[{"name":"wp","href":"https:\/\/api.w.org\/{rel}","templated":true}]}}