{"id":462,"date":"2024-08-07T02:04:12","date_gmt":"2024-08-07T00:04:12","guid":{"rendered":"https:\/\/afmb35.org\/?page_id=462"},"modified":"2025-02-19T00:12:36","modified_gmt":"2025-02-18T23:12:36","slug":"consulter-notre-politique-de-confidentialite","status":"publish","type":"page","link":"https:\/\/afmb35.org\/index.php\/consulter-notre-politique-de-confidentialite\/","title":{"rendered":"Politique de confidentialit\u00e9"},"content":{"rendered":"\n<figure class=\"wp-block-image aligncenter size-large is-resized is-style-default\"><img loading=\"lazy\" decoding=\"async\" width=\"1024\" height=\"580\" src=\"https:\/\/afmb35.org\/wp-content\/uploads\/2024\/08\/Revision-logo-AFMB35ver-2-trans-Blanc-1-1024x580.png\" alt=\"\" class=\"wp-image-196\" style=\"width:241px;height:auto\" srcset=\"https:\/\/afmb35.org\/wp-content\/uploads\/2024\/08\/Revision-logo-AFMB35ver-2-trans-Blanc-1-1024x580.png 1024w, https:\/\/afmb35.org\/wp-content\/uploads\/2024\/08\/Revision-logo-AFMB35ver-2-trans-Blanc-1-300x170.png 300w, https:\/\/afmb35.org\/wp-content\/uploads\/2024\/08\/Revision-logo-AFMB35ver-2-trans-Blanc-1-768x435.png 768w, https:\/\/afmb35.org\/wp-content\/uploads\/2024\/08\/Revision-logo-AFMB35ver-2-trans-Blanc-1.png 1445w\" sizes=\"auto, (max-width: 1024px) 100vw, 1024px\" \/><\/figure>\n\n\n\n<div style=\"background-image:url(&apos;https:\/\/afmb35.org\/wp-content\/uploads\/2024\/08\/20230826_web.jpg&apos;);background-position:48% 64%;background-size:cover;\" class=\"wp-block-group is-layout-constrained wp-block-group-is-layout-constrained has-background\">\n<h1 class=\"wp-block-heading has-text-align-center has-white-color has-text-color has-link-color wp-elements-e58a94ac25f7d2500ce0737877bd2276\" id=\"politique-de-confidentialite\" style=\"font-size:42px\">Politique de confidentialit\u00e9<\/h1>\n<\/div>\n\n\n\n<div class=\"wp-block-columns has-ast-global-color-7-background-color has-background is-layout-flex wp-container-core-columns-is-layout-28f84493 wp-block-columns-is-layout-flex\">\n<div class=\"wp-block-column is-layout-flow wp-block-column-is-layout-flow\" style=\"flex-basis:100%\">\n<p class=\"has-text-align-center has-black-color has-text-color has-link-color wp-elements-ee6e099e4a5c790e9fb7012ddbedf951\" style=\"font-size:24px\">L&rsquo;association de la <strong>Maison de la Francophonie de Bretagne<\/strong> s&rsquo;engage au respect du R\u00e8glement G\u00e9n\u00e9ral pour la Protection des Donn\u00e9es (RGPD). Nous vous expliquerons comment vos donn\u00e9es personnelles seront collect\u00e9es selon notre politique de confidentialit\u00e9.<\/p>\n\n\n\n<figure class=\"wp-block-image aligncenter size-full is-resized\"><a href=\"https:\/\/www.cnil.fr\/fr\/reglement-europeen-protection-donnees\" target=\"_blank\" rel=\"noopener\"><img loading=\"lazy\" decoding=\"async\" width=\"381\" height=\"132\" src=\"https:\/\/afmb35.org\/wp-content\/uploads\/2024\/08\/RGPD-logo.jpg\" alt=\"\" class=\"wp-image-720\" style=\"width:294px;height:auto\" srcset=\"https:\/\/afmb35.org\/wp-content\/uploads\/2024\/08\/RGPD-logo.jpg 381w, https:\/\/afmb35.org\/wp-content\/uploads\/2024\/08\/RGPD-logo-300x104.jpg 300w\" sizes=\"auto, (max-width: 381px) 100vw, 381px\" \/><\/a><\/figure>\n\n\n\n<h2 class=\"wp-block-heading has-text-align-center\" id=\"la-politique-de-confidentialite-du-site-afmb-35-org\" style=\"font-size:30px\">La politique de confidentialit\u00e9 du site AFMB35.ORG<\/h2>\n\n\n\n<div class=\"wp-block-rank-math-toc-block has-white-background-color has-background\" style=\"padding-top:var(--wp--preset--spacing--20);padding-right:var(--wp--preset--spacing--30);padding-bottom:var(--wp--preset--spacing--20);padding-left:var(--wp--preset--spacing--30)\" id=\"rank-math-toc\"><h2>Sommaire :<\/h2><nav><ul><li><a href=\"#politique-de-confidentialite\">Politique de confidentialit\u00e9<\/a><ul><li><a href=\"#la-politique-de-confidentialite-du-site-afmb-35-org\">La politique de confidentialit\u00e9 du site AFMB35.ORG<\/a><\/li><li><a href=\"#la-reglementation\">La r\u00e8glementation :<\/a><\/li><li><a href=\"#les-donnees-personnelles-cest-quoi\">Les donn\u00e9es personnelles, c&rsquo;est quoi\u2009?<\/a><\/li><li><a href=\"#gestion-des-cookies-et-le-rgpd\">Gestion des cookies et le RGPD<\/a><\/li><li><a href=\"#bandeau-des-cookies-et-consentement\">Bandeau des cookies et consentement<\/a><\/li><li><a href=\"#confidentialite-et-securisation-de-vos-donnees\">Confidentialit\u00e9 et s\u00e9curisation de vos donn\u00e9es<\/a><\/li><li><a href=\"#vos-droits\">Vos droits :<\/a><\/li><li><a href=\"#responsabilite-de-vos-donnees-personnelles\">Responsabilit\u00e9 de vos donn\u00e9es personnelles.<\/a><\/li><li><a href=\"#mises-a-jour-de-cette-politique\">Mises \u00e0 jour de cette politique.<\/a><\/li><\/ul><\/li><\/ul><\/nav><\/div>\n\n\n\n<h2 class=\"wp-block-heading has-text-align-center\" id=\"la-reglementation\" style=\"font-size:26px\">La r\u00e8glementation :<\/h2>\n\n\n\n<div class=\"wp-block-group has-ast-global-color-7-background-color has-background is-layout-constrained wp-block-group-is-layout-constrained\">\n<p class=\"has-black-color has-text-color has-link-color wp-elements-de5a91faf8bb077e71133bbc8e1cbac5\" style=\"font-size:24px\">Le <strong>R\u00e8glement G\u00e9n\u00e9ral pour la Protection des Donn\u00e9es (RGPD)<\/strong> est entr\u00e9 en application le 25 mai 2018. Cette r\u00e8glementation vient compl\u00e9ter la <strong>loi Informatique et Libert\u00e9s<\/strong> <strong>du 06 janvier 1978<\/strong> (modifi\u00e9e le 14 mai 2018) concernant l&rsquo;utilisation de vos donn\u00e9es personnelles.<\/p>\n\n\n\n<p class=\"has-black-color has-text-color has-link-color wp-elements-5bb979b4d8c0d720b58db08d5b20dc6b\" style=\"font-size:24px\">Toutes soci\u00e9t\u00e9s et tous organismes disposant d&rsquo;un site Internet ont l&rsquo;obligation et doivent \u00eatre en conformit\u00e9 avec le RGPD et donc sur l&rsquo;utilisation de vos donn\u00e9es personnelles. <\/p>\n<\/div>\n\n\n\n<h2 class=\"wp-block-heading has-text-align-center\" id=\"les-donnees-personnelles-cest-quoi\" style=\"font-size:26px\">Les donn\u00e9es personnelles, c&rsquo;est quoi\u2009?<\/h2>\n\n\n\n<div class=\"wp-block-group has-ast-global-color-7-background-color has-background is-layout-constrained wp-block-group-is-layout-constrained\">\n<p class=\"has-black-color has-text-color has-link-color wp-elements-09207d42330f33070c08107b45b4ef97\" style=\"font-size:24px\"><strong>Des informations sur une personne identifiable ou identifi\u00e9e :<\/strong><\/p>\n\n\n\n<p class=\"has-black-color has-text-color has-link-color wp-elements-bf579492f0ff51b6479b369463bc258c\" style=\"font-size:24px\">Votre nom, votre pr\u00e9nom, votre num\u00e9ro de t\u00e9l\u00e9phone, votre num\u00e9ro d\u2019identifiant, vos donn\u00e9es biom\u00e9triques (physique, g\u00e9n\u00e9tique, voix, image, empreintes). <\/p>\n\n\n\n<p class=\"has-black-color has-text-color has-link-color wp-elements-2a94e26d231e76609d40dd9583376322\" style=\"font-size:24px\">Cela peut \u00eatre aussi des donn\u00e9es uniques vous concernant : votre date de naissance, votre adresse,  des abonnements li\u00e9s \u00e0 vos activit\u00e9s, votre ADN, votre g\u00e9olocalisation, votre num\u00e9ro de S\u00e9curit\u00e9 Sociale, une identification par des administrations qui croisent des donn\u00e9es. <\/p>\n\n\n\n<p><\/p>\n<\/div>\n\n\n\n<h2 class=\"wp-block-heading has-text-align-center\" id=\"gestion-des-cookies-et-le-rgpd\" style=\"font-size:26px\">Gestion des cookies et le RGPD<\/h2>\n\n\n\n<figure class=\"wp-block-image aligncenter size-full is-resized\"><img loading=\"lazy\" decoding=\"async\" width=\"280\" height=\"277\" src=\"https:\/\/afmb35.org\/wp-content\/uploads\/2024\/08\/cookie-1.png\" alt=\"\" class=\"wp-image-770\" style=\"width:161px;height:auto\"\/><\/figure>\n\n\n\n<p class=\"has-black-color has-text-color has-link-color wp-elements-a6f12224688191b860887b4bb51971a4\" style=\"font-size:24px\">Pour le Web, les cookies ne sont pas des d\u00e9licieux biscuits, mais de petits fichiers stock\u00e9s sur un serveur dans le terminal d\u2019un utilisateur : ordinateur, smartphone, tablette, etc, qui est associ\u00e9 \u00e0 un domaine d&rsquo;un site Internet.<\/p>\n\n\n\n<p class=\"has-black-color has-text-color has-link-color wp-elements-dbe0bafc2840d18d7793fc0c6bf07009\" style=\"font-size:24px\">Les cookies peuvent servir \u00e0 m\u00e9moriser votre identifiant et autres donn\u00e9es personnelles aupr\u00e8s d&rsquo;un site d&rsquo;une administration ou d&rsquo;un site marchand. Ces fichiers enregistrent par exemple : le contenu de vos paniers d&rsquo;achat d&rsquo;un site de vente en ligne, votre langue de la page web, vos moyens de paiements.<\/p>\n\n\n\n<p class=\"has-black-color has-text-color has-link-color wp-elements-d6b2d026460b94eabe780fa091df5b78\" style=\"font-size:24px\">Ces fichiers servent \u00e0 de tracer votre navigation \u00e0 pour des organismes de statistiques ou des agences de publicit\u00e9, des agences de communication. Aussi, certains de ces usages de ces petits fichiers sont strictement n\u00e9cessaires aux fonctionnalit\u00e9s demand\u00e9es par l\u2019utilisateur ou bien \u00e0 l\u2019\u00e9tablissement de la communication et donc exempt\u00e9s de consentement. D\u2019autres, qui ne correspondent pas \u00e0 ces crit\u00e8res, n\u00e9cessitent un consentement de l\u2019utilisateur avant lecture ou \u00e9criture. <\/p>\n\n\n\n<p class=\"has-text-align-center has-black-color has-text-color has-link-color wp-elements-2086c97a404100bc5e574b0bee609b62\" style=\"font-size:24px\"><strong>Il existe deux types de cookies :<\/strong><\/p>\n\n\n\n<p class=\"has-black-color has-text-color has-link-color wp-elements-bc0cb0e5c085cc99d816acbd8bdffaa7\" style=\"font-size:24px\">&gt; <strong>Les cookies tiers<\/strong> sont des fichiers servant par exemple au bon fonctionnement d&rsquo;un site. Mais dans la majorit\u00e9 des cas il sont utilis\u00e9 par un ou une internaute et ils permette pour des organismes tiers de voir les pages des sites qu&rsquo;il ou elle a visit\u00e9 ou qu&rsquo;il ou elle a interrog\u00e9. Cette collecte des informations sur les habitudes des utilisateurs des sites internet sert \u00e0 des fins publicitaires.<\/p>\n\n\n\n<p class=\"has-black-color has-text-color has-link-color wp-elements-bdda25bc23ffb13d5d9dd0a941b4218d\" style=\"font-size:24px\">&gt; <strong>Les cookies internes<\/strong> sont des&nbsp;fichiers texte contenant des \u00e9l\u00e9ments de donn\u00e9es, par exemple votre nom d\u2019utilisateur et votre mot de passe, il sont utilis\u00e9s pour identifier  l&rsquo;ordinateur  ou un terminal que vous utilisez pour vous connecter un r\u00e9seau. Ils servent  comme les cookies tiers au bon fonctionnement d&rsquo;un site. <\/p>\n\n\n\n<h2 class=\"wp-block-heading has-text-align-center\" id=\"bandeau-des-cookies-et-consentement\" style=\"font-size:26px\"><strong>Bandeau des cookie<\/strong>s et consentement<\/h2>\n\n\n\n<p class=\"has-black-color has-text-color has-link-color wp-elements-db75c07bd59c1629e752996959719dfd\" style=\"font-size:24px\">Depuis la mise en application du RGPD, tous les sites Internet ont l&rsquo;obligation d&rsquo;afficher un bandeau de consentement de l&rsquo;internaute et de lui proposer un r\u00e9glage sur l&rsquo;utilisation des cookies. Le Webmaster du site afmb35.org a install\u00e9 et cod\u00e9 une application d\u00e9di\u00e9e \u00e0 cet effet. Cette application et ses r\u00e9glages sont conforme au RGPD. <\/p>\n\n\n\n<p class=\"has-black-color has-text-color has-link-color wp-elements-e9dcfa44bab78e1383d5f407cee738a7\" style=\"font-size:24px\">Quand un internaute visite un site internet pour la premi\u00e8re fois, il apparait des lignes de textes avec ou non une image, cet \u00e9l\u00e9ment graphique se nomme une fen\u00eatre contextuelle.<\/p>\n\n\n\n<p class=\"has-black-color has-text-color has-link-color wp-elements-9afdadb247e06948d911bded8fde4e1a\" style=\"font-size:24px\">Cette fen\u00eatre contextuelle ou bandeau des cookies sert \u00e0 l&rsquo;internaute (vous) pour choisir et \u00e0 enregistrer ses pr\u00e9f\u00e9rences de navigation. Cela nous permet d&rsquo;avoir votre autorisation  sur l&rsquo;utilisation de certains cookies. Vous avez le choix d&rsquo;activer ou de d\u00e9sactiver ces cookies en utilisant des fonctions d\u00e9di\u00e9es de votre navigateur habituel. Vous pouvez les modifier quand bon vous semble. <\/p>\n\n\n\n<p class=\"has-black-color has-text-color has-link-color wp-elements-abb920e6e57eb242d3412086938aa077\" style=\"font-size:24px\">N&rsquo;oubliez pas que tous les sites et le site afmb35.org ont besoin de cookies essentiels pour bien fonctionnement.<\/p>\n\n\n\n<p class=\"has-black-color has-text-color has-link-color wp-elements-8483ae07b66711681a4f04ad9b2d2968\" style=\"font-size:24px\">Ce site utilise les cookies suivant : Google Analytics, Cookie Compliance, WordPress, cookies fonctionnels, Rank Math, Social W. , Elementor, cookie builder page. cookies de statistiques.<\/p>\n\n\n\n<h2 class=\"wp-block-heading has-text-align-center\" id=\"confidentialite-et-securisation-de-vos-donnees\" style=\"font-size:26px\">Confidentialit\u00e9 et s\u00e9curisation de vos donn\u00e9es <\/h2>\n\n\n\n<p class=\"has-black-color has-text-color has-link-color wp-elements-cc48fee9744efb6b64baa2f8c71cc6a3\" style=\"font-size:24px\">L&rsquo;article 32 du RGPD sur la gestion des risques demande aux propri\u00e9taires de site internet de d\u00e9terminer les pr\u00e9cautions \u00e0 prendre sur vos donn\u00e9es et des risques pr\u00e9sent\u00e9s par son traitement. Pour pr\u00e9server la s\u00e9curit\u00e9 de vos donn\u00e9es personnelles cette exigence nous impose de garantir la s\u00e9curisation de vos donn\u00e9es et leur traitement.<\/p>\n\n\n\n<p class=\"has-black-color has-text-color has-link-color wp-elements-3337117f5d57d1becd1ea3377a26e97e\" style=\"font-size:24px\">L&rsquo;<strong>association de la Maison de la Francophonie<\/strong> veillera \u00e0 ne pas divulguer et \u00e0 ne pas transmettre vos donn\u00e9es personnelles \u00e0 des tiers.  Son site Internet est h\u00e9berg\u00e9 chez une entreprise fran\u00e7aise reconnue pour ses exigences en terme de s\u00e9curit\u00e9 Internet. Ce site utilise des moyens de cryptage et des cl\u00e9s de s\u00e9curit\u00e9. <\/p>\n\n\n\n<p class=\"has-black-color has-text-color has-link-color wp-elements-96f69489b3832ad790056b4c64d5cb37\" style=\"font-size:24px\">Ce qu&rsquo;il faut savoir c&rsquo;est qu\u2019aucune m\u00e9thode de transmission de donn\u00e9es par un r\u00e9seau Internet ne peut vous garantir une s\u00e9curit\u00e9 parfaite.<\/p>\n\n\n\n<p class=\"has-black-color has-text-color has-link-color wp-elements-dd08378eb47847c35aef8ba12aeb9943\" style=\"font-size:24px\">Toutefois, nous ne pouvons pas vous garantir la confidentialit\u00e9 et une utilisation frauduleuse si vous utilisez des services et des liens externes de ce site vers d&rsquo;autres sites. Notre responsalit\u00e9 ne pourra pas \u00eatre engag\u00e9e.<\/p>\n\n\n\n<p><\/p>\n\n\n\n<h2 class=\"wp-block-heading has-text-align-center\" id=\"vos-droits\" style=\"font-size:26px\">Vos droits :<\/h2>\n\n\n\n<p class=\"has-black-color has-text-color has-link-color wp-elements-143a9807ad3053a8f72f46fda73aff36\" style=\"font-size:24px\">Conform\u00e9ment au RGPD et \u00e0 la loi \u00ab Informatique et Libert\u00e9s \u00bb du 6 janvier 1978 modifi\u00e9e, vous disposez d\u2019un droit d\u2019acc\u00e8s (article 15 du RGPD) et de rectification (article 16 du RGPD) des donn\u00e9es vous concernant ainsi que d\u2019un droit \u00e0 demander la limitation du traitement de vos donn\u00e9es (article 18 du RGPD). <\/p>\n\n\n\n<p class=\"has-black-color has-text-color has-link-color wp-elements-3a23bd23ef6915e99c893fef739a9f6e\" style=\"font-size:24px\">Vous pouvez exercer vos droits en transmettant votre demande au D\u00e9l\u00e9gu\u00e9 \u00e0 la Protection des Donn\u00e9es (DPO) courriel : <a href=\"mailto:dpo@afmb35.org\">dpo@afmb35.org<\/a>, ou par voie postale \u00e0 : 35400 SAINT-MALO<\/p>\n\n\n\n<p class=\"has-black-color has-text-color has-link-color wp-elements-97d1c418b075dc3453e846466ab4ec6f\" style=\"font-size:24px\">Pour en savoir plus : <a href=\"https:\/\/www.economie.gouv.fr\/dgccrf\/Publications\/Vie-pratique\/Fiches-pratiques\/protection-des-donnees-personnelles-quels-sont-droits\" target=\"_blank\" rel=\"noopener\">Protection des donn\u00e9es personnelles : quels sont vos droits ?<\/a><\/p>\n\n\n\n<p class=\"has-text-align-center has-black-color has-text-color has-link-color wp-elements-3b547b49afc17083b9a5584ad847e0af\" style=\"font-size:24px\">Site : <a href=\"https:\/\/www.economie.gouv.fr\/dgccrf\/Publications\/Vie-pratique\/Fiches-pratiques\/protection-des-donnees-personnelles-quels-sont-droits\" target=\"_blank\" rel=\"noopener\">economie.gouv<\/a><\/p>\n\n\n\n<h2 class=\"wp-block-heading has-text-align-center\" id=\"responsabilite-de-vos-donnees-personnelles\" style=\"font-size:26px\">Responsabilit\u00e9 de vos donn\u00e9es personnelles.<\/h2>\n\n\n\n<p class=\"has-black-color has-text-color has-link-color wp-elements-3e71db2265378abdfb67d5708e02847a\" style=\"font-size:24px\">Le responsable de vos donn\u00e9es personnelles est : l&rsquo;association de la <strong>Maison de la Francophonie de Bretagne<\/strong> &#8211; Num\u00e9ro RNA : W354007358 &#8211; Son si\u00e8ge social : 35400 SAINT-MALO, T\u00e9l. : 07 85 78 95 20 &#8211; Adresse courriel : <a href=\"mailto:contact@afmb35.org\">contact@afmb35.org<\/a> &#8211; Contactez le D\u00e9l\u00e9gu\u00e9 \u00e0 la Protection des Donn\u00e9es (DPO), son adresse courriel : <a href=\"mailto:dpo@afmb35.org\">dpo@afmb35.org<\/a><\/p>\n\n\n\n<p><\/p>\n\n\n\n<p><\/p>\n\n\n\n<h2 class=\"wp-block-heading has-text-align-center\" id=\"mises-a-jour-de-cette-politique\" style=\"font-size:26px\">Mises \u00e0 jour de cette politique.<\/h2>\n\n\n\n<p class=\"has-black-color has-text-color has-link-color wp-elements-e4e35781afbd79d9ff11ebc6a88090af\" style=\"font-size:24px\">L&rsquo;association de la <strong>Maison de la Francophonie de Bretagne<\/strong> peut \u00e0 tout moment modifier ou mettre \u00e0 jour sa politique de confidentialit\u00e9 sans pr\u00e9avis de sa part.<\/p>\n\n\n\n<p class=\"has-text-align-center has-black-color has-text-color has-link-color wp-elements-8b799c5eb0276ad3cca57d9601cf5f64\" style=\"font-size:22px\">R\u00e9daction et tous droits r\u00e9serv\u00e9s de cette politique de confidentialit\u00e9 : Jean-Luc VILLETTE \u2013 09\/2024<br><\/p>\n<\/div>\n\n\n\n<div class=\"wp-block-column is-layout-flow wp-block-column-is-layout-flow\"><\/div>\n<\/div>\n\n\n\n<p><\/p>\n\n\n\n<div class=\"wp-block-columns alignwide are-vertically-aligned-center is-layout-flex wp-container-core-columns-is-layout-28f84493 wp-block-columns-is-layout-flex\">\n<div class=\"wp-block-column is-layout-flow wp-block-column-is-layout-flow\">\n<p class=\"has-white-color has-text-color has-link-color wp-elements-aa4481ea78a36bf3c4731a3eaa16dbf8\" style=\"font-size:20px\"><strong>Association de la Maison de la Francophonie de Bretagne<\/strong>, 9 rue des Cottages &#8211; 35400 SAINT-MALO &#8211; <a href=\"mailto:contact@afmb35.org\">contact@afmb35.org<\/a><\/p>\n\n\n\n<figure class=\"wp-block-image aligncenter size-large is-resized\"><img loading=\"lazy\" decoding=\"async\" width=\"1024\" height=\"538\" src=\"https:\/\/afmb35.org\/wp-content\/uploads\/2024\/08\/logo-AFMB35-pour-Rankseo-1024x538.png\" alt=\"Logo AFMB35 SEO\" class=\"wp-image-695\" style=\"width:312px;height:auto\" srcset=\"https:\/\/afmb35.org\/wp-content\/uploads\/2024\/08\/logo-AFMB35-pour-Rankseo-1024x538.png 1024w, https:\/\/afmb35.org\/wp-content\/uploads\/2024\/08\/logo-AFMB35-pour-Rankseo-300x158.png 300w, https:\/\/afmb35.org\/wp-content\/uploads\/2024\/08\/logo-AFMB35-pour-Rankseo-768x403.png 768w, https:\/\/afmb35.org\/wp-content\/uploads\/2024\/08\/logo-AFMB35-pour-Rankseo.png 1200w\" sizes=\"auto, (max-width: 1024px) 100vw, 1024px\" \/><figcaption class=\"wp-element-caption\">Logo AFMB35 SEO<\/figcaption><\/figure>\n<\/div>\n<\/div>\n\n\n\n<p><\/p>\n","protected":false},"excerpt":{"rendered":"<p>Politique de confidentialit\u00e9 L&rsquo;association de la Maison de la Francophonie de Bretagne s&rsquo;engage au respect du R\u00e8glement G\u00e9n\u00e9ral pour la Protection des Donn\u00e9es (RGPD). Nous vous expliquerons comment vos donn\u00e9es [&hellip;]<\/p>\n","protected":false},"author":2,"featured_media":41,"parent":0,"menu_order":0,"comment_status":"closed","ping_status":"closed","template":"","meta":{"_uag_custom_page_level_css":"","site-sidebar-layout":"default","site-content-layout":"","ast-site-content-layout":"default","site-content-style":"default","site-sidebar-style":"default","ast-global-header-display":"","ast-banner-title-visibility":"","ast-main-header-display":"","ast-hfb-above-header-display":"","ast-hfb-below-header-display":"","ast-hfb-mobile-header-display":"","site-post-title":"disabled","ast-breadcrumbs-content":"","ast-featured-img":"","footer-sml-layout":"","ast-disable-related-posts":"","theme-transparent-header-meta":"","adv-header-id-meta":"","stick-header-meta":"","header-above-stick-meta":"","header-main-stick-meta":"","header-below-stick-meta":"","astra-migrate-meta-layouts":"default","ast-page-background-enabled":"default","ast-page-background-meta":{"desktop":{"background-color":"var(--ast-global-color-4)","background-image":"","background-repeat":"repeat","background-position":"center center","background-size":"auto","background-attachment":"scroll","background-type":"","background-media":"","overlay-type":"","overlay-color":"","overlay-opacity":"","overlay-gradient":""},"tablet":{"background-color":"","background-image":"","background-repeat":"repeat","background-position":"center center","background-size":"auto","background-attachment":"scroll","background-type":"","background-media":"","overlay-type":"","overlay-color":"","overlay-opacity":"","overlay-gradient":""},"mobile":{"background-color":"","background-image":"","background-repeat":"repeat","background-position":"center center","background-size":"auto","background-attachment":"scroll","background-type":"","background-media":"","overlay-type":"","overlay-color":"","overlay-opacity":"","overlay-gradient":""}},"ast-content-background-meta":{"desktop":{"background-color":"var(--ast-global-color-5)","background-image":"","background-repeat":"repeat","background-position":"center center","background-size":"auto","background-attachment":"scroll","background-type":"","background-media":"","overlay-type":"","overlay-color":"","overlay-opacity":"","overlay-gradient":""},"tablet":{"background-color":"var(--ast-global-color-5)","background-image":"","background-repeat":"repeat","background-position":"center center","background-size":"auto","background-attachment":"scroll","background-type":"","background-media":"","overlay-type":"","overlay-color":"","overlay-opacity":"","overlay-gradient":""},"mobile":{"background-color":"var(--ast-global-color-5)","background-image":"","background-repeat":"repeat","background-position":"center center","background-size":"auto","background-attachment":"scroll","background-type":"","background-media":"","overlay-type":"","overlay-color":"","overlay-opacity":"","overlay-gradient":""}},"footnotes":""},"class_list":["post-462","page","type-page","status-publish","has-post-thumbnail","hentry"],"uagb_featured_image_src":{"full":["https:\/\/afmb35.org\/wp-content\/uploads\/2024\/08\/Revision-logo-AFMB35ver-2.jpg",400,239,false],"thumbnail":["https:\/\/afmb35.org\/wp-content\/uploads\/2024\/08\/Revision-logo-AFMB35ver-2-150x150.jpg",150,150,true],"medium":["https:\/\/afmb35.org\/wp-content\/uploads\/2024\/08\/Revision-logo-AFMB35ver-2-300x179.jpg",300,179,true],"medium_large":["https:\/\/afmb35.org\/wp-content\/uploads\/2024\/08\/Revision-logo-AFMB35ver-2.jpg",400,239,false],"large":["https:\/\/afmb35.org\/wp-content\/uploads\/2024\/08\/Revision-logo-AFMB35ver-2.jpg",400,239,false],"1536x1536":["https:\/\/afmb35.org\/wp-content\/uploads\/2024\/08\/Revision-logo-AFMB35ver-2.jpg",400,239,false],"2048x2048":["https:\/\/afmb35.org\/wp-content\/uploads\/2024\/08\/Revision-logo-AFMB35ver-2.jpg",400,239,false]},"uagb_author_info":{"display_name":"Jean-Luc VILLETTE","author_link":"https:\/\/afmb35.org\/author\/jean-luc\/"},"uagb_comment_info":0,"uagb_excerpt":"Politique de confidentialit\u00e9 L&rsquo;association de la Maison de la Francophonie de Bretagne s&rsquo;engage au respect du R\u00e8glement G\u00e9n\u00e9ral pour la Protection des Donn\u00e9es (RGPD). Nous vous expliquerons comment vos donn\u00e9es [&hellip;]","_links":{"self":[{"href":"https:\/\/afmb35.org\/index.php\/wp-json\/wp\/v2\/pages\/462","targetHints":{"allow":["GET"]}}],"collection":[{"href":"https:\/\/afmb35.org\/index.php\/wp-json\/wp\/v2\/pages"}],"about":[{"href":"https:\/\/afmb35.org\/index.php\/wp-json\/wp\/v2\/types\/page"}],"author":[{"embeddable":true,"href":"https:\/\/afmb35.org\/index.php\/wp-json\/wp\/v2\/users\/2"}],"replies":[{"embeddable":true,"href":"https:\/\/afmb35.org\/index.php\/wp-json\/wp\/v2\/comments?post=462"}],"version-history":[{"count":48,"href":"https:\/\/afmb35.org\/index.php\/wp-json\/wp\/v2\/pages\/462\/revisions"}],"predecessor-version":[{"id":1290,"href":"https:\/\/afmb35.org\/index.php\/wp-json\/wp\/v2\/pages\/462\/revisions\/1290"}],"wp:featuredmedia":[{"embeddable":true,"href":"https:\/\/afmb35.org\/index.php\/wp-json\/wp\/v2\/media\/41"}],"wp:attachment":[{"href":"https:\/\/afmb35.org\/index.php\/wp-json\/wp\/v2\/media?parent=462"}],"curies":[{"name":"wp","href":"https:\/\/api.w.org\/{rel}","templated":true}]}}