{"id":422,"date":"2024-08-06T19:14:06","date_gmt":"2024-08-06T17:14:06","guid":{"rendered":"https:\/\/afmb35.org\/?page_id=422"},"modified":"2024-10-11T20:16:51","modified_gmt":"2024-10-11T18:16:51","slug":"plan-du-site-maison-de-la-francophonie-de-bretagne","status":"publish","type":"page","link":"https:\/\/afmb35.org\/index.php\/plan-du-site-maison-de-la-francophonie-de-bretagne\/","title":{"rendered":"Plan du site"},"content":{"rendered":"\n<figure class=\"wp-block-image aligncenter size-large is-resized is-style-default\"><img loading=\"lazy\" decoding=\"async\" width=\"1024\" height=\"580\" src=\"https:\/\/afmb35.org\/wp-content\/uploads\/2024\/08\/Revision-logo-AFMB35ver-2-trans-Blanc-1-1024x580.png\" alt=\"\" class=\"wp-image-196\" style=\"width:241px;height:auto\" srcset=\"https:\/\/afmb35.org\/wp-content\/uploads\/2024\/08\/Revision-logo-AFMB35ver-2-trans-Blanc-1-1024x580.png 1024w, https:\/\/afmb35.org\/wp-content\/uploads\/2024\/08\/Revision-logo-AFMB35ver-2-trans-Blanc-1-300x170.png 300w, https:\/\/afmb35.org\/wp-content\/uploads\/2024\/08\/Revision-logo-AFMB35ver-2-trans-Blanc-1-768x435.png 768w, https:\/\/afmb35.org\/wp-content\/uploads\/2024\/08\/Revision-logo-AFMB35ver-2-trans-Blanc-1.png 1445w\" sizes=\"auto, (max-width: 1024px) 100vw, 1024px\" \/><\/figure>\n\n\n\n<div style=\"background-image:url(&apos;https:\/\/afmb35.org\/wp-content\/uploads\/2024\/08\/20230826_web.jpg&apos;);background-position:48% 64%;background-size:cover;\" class=\"wp-block-group is-layout-constrained wp-block-group-is-layout-constrained has-background\">\n<h1 class=\"wp-block-heading has-text-align-center has-white-color has-text-color has-link-color wp-elements-b5b9e1951aa8b2cd408a28baa3a35a2f\" style=\"font-size:42px\"><span class=\"ez-toc-section\" id=\"Plan_du_site\"><\/span>Plan du site<span class=\"ez-toc-section-end\"><\/span><\/h1><div id=\"ez-toc-container\" class=\"ez-toc-v2_0_81 counter-hierarchy ez-toc-counter ez-toc-grey ez-toc-container-direction\">\n<div class=\"ez-toc-title-container\">\n<p class=\"ez-toc-title\" style=\"cursor:inherit\">Sommaire :<\/p>\n<span class=\"ez-toc-title-toggle\"><a href=\"#\" class=\"ez-toc-pull-right ez-toc-btn ez-toc-btn-xs ez-toc-btn-default ez-toc-toggle\" aria-label=\"Toggle Table of Content\"><span class=\"ez-toc-js-icon-con\"><span class=\"\"><span class=\"eztoc-hide\" style=\"display:none;\">Toggle<\/span><span class=\"ez-toc-icon-toggle-span\"><svg style=\"fill: #999;color:#999\" xmlns=\"http:\/\/www.w3.org\/2000\/svg\" class=\"list-377408\" width=\"20px\" height=\"20px\" viewBox=\"0 0 24 24\" fill=\"none\"><path d=\"M6 6H4v2h2V6zm14 0H8v2h12V6zM4 11h2v2H4v-2zm16 0H8v2h12v-2zM4 16h2v2H4v-2zm16 0H8v2h12v-2z\" fill=\"currentColor\"><\/path><\/svg><svg style=\"fill: #999;color:#999\" class=\"arrow-unsorted-368013\" xmlns=\"http:\/\/www.w3.org\/2000\/svg\" width=\"10px\" height=\"10px\" viewBox=\"0 0 24 24\" version=\"1.2\" baseProfile=\"tiny\"><path d=\"M18.2 9.3l-6.2-6.3-6.2 6.3c-.2.2-.3.4-.3.7s.1.5.3.7c.2.2.4.3.7.3h11c.3 0 .5-.1.7-.3.2-.2.3-.5.3-.7s-.1-.5-.3-.7zM5.8 14.7l6.2 6.3 6.2-6.3c.2-.2.3-.5.3-.7s-.1-.5-.3-.7c-.2-.2-.4-.3-.7-.3h-11c-.3 0-.5.1-.7.3-.2.2-.3.5-.3.7s.1.5.3.7z\"\/><\/svg><\/span><\/span><\/span><\/a><\/span><\/div>\n<nav><ul class='ez-toc-list ez-toc-list-level-1 ' ><li class='ez-toc-page-1 ez-toc-heading-level-1'><a class=\"ez-toc-link ez-toc-heading-1\" href=\"https:\/\/afmb35.org\/index.php\/plan-du-site-maison-de-la-francophonie-de-bretagne\/#Plan_du_site\" >Plan du site<\/a><ul class='ez-toc-list-level-2' ><li class='ez-toc-heading-level-2'><a class=\"ez-toc-link ez-toc-heading-2\" href=\"https:\/\/afmb35.org\/index.php\/plan-du-site-maison-de-la-francophonie-de-bretagne\/#Plan_du_site-2\" >Plan du site<\/a><\/li><li class='ez-toc-page-1 ez-toc-heading-level-2'><a class=\"ez-toc-link ez-toc-heading-3\" href=\"https:\/\/afmb35.org\/index.php\/plan-du-site-maison-de-la-francophonie-de-bretagne\/#Pages\" >Pages<\/a><\/li><li class='ez-toc-page-1 ez-toc-heading-level-2'><a class=\"ez-toc-link ez-toc-heading-4\" href=\"https:\/\/afmb35.org\/index.php\/plan-du-site-maison-de-la-francophonie-de-bretagne\/#Articles_par_categorie\" >Articles par cat\u00e9gorie<\/a><\/li><\/ul><\/li><\/ul><\/nav><\/div>\n\n<\/div>\n\n\n\n<div class=\"wp-block-group has-ast-global-color-7-background-color has-background is-layout-constrained wp-block-group-is-layout-constrained\">\n<h2 class=\"wp-block-heading has-text-align-center\" style=\"font-size:24px\"><span class=\"ez-toc-section\" id=\"Plan_du_site-2\"><\/span>Plan du site<span class=\"ez-toc-section-end\"><\/span><\/h2>\n\n\n\n<p class=\"has-text-align-center has-black-color has-text-color has-link-color wp-elements-6177629c2162541dfebc1a0861a2361b\" style=\"font-size:24px\">Pour vous faciliter et mieux d\u00e9couvrir le site afmb35.org, voici notre plan du site avec les d\u00e9tails de nos pages et nos articles.<\/p>\n\n\n\n<div class=\"wsp-container\"><h2 class=\"wsp-pages-title\"><span class=\"ez-toc-section\" id=\"Pages\"><\/span>Pages<span class=\"ez-toc-section-end\"><\/span><\/h2>\n<ul class=\"wsp-pages-list\">\n<li class=\"page_item page-item-466 menu-item\"><a href=\"https:\/\/afmb35.org\/index.php\/a-propos\/\" class=\"menu-link\">\u00c0 propos<\/a><\/li>\n<li class=\"page_item page-item-6 menu-item\"><a href=\"https:\/\/afmb35.org\/\" class=\"menu-link\">Accueil<\/a><\/li>\n<li class=\"page_item page-item-415 menu-item\"><a href=\"https:\/\/afmb35.org\/index.php\/actualites-de-la-maison-de-la-francophonie-de-bretagne\/\" class=\"menu-link\">Actualit\u00e9s<\/a><\/li>\n<li class=\"page_item page-item-522 menu-item\"><a href=\"https:\/\/afmb35.org\/index.php\/adhesion-maison-de-la-francophonie-bretagne\/\" class=\"menu-link\">Adh\u00e9sion<\/a><\/li>\n<li class=\"page_item page-item-134 menu-item\"><a href=\"https:\/\/afmb35.org\/index.php\/contactez-la-maison-de-la-francophonie-de-bretagne\/\" class=\"menu-link\">contact<\/a><\/li>\n<li class=\"page_item page-item-470 menu-item\"><a href=\"https:\/\/afmb35.org\/index.php\/evenement\/\" class=\"menu-link\">\u00c9v\u00e9nements<\/a><\/li>\n<li class=\"page_item page-item-401 menu-item\"><a href=\"https:\/\/afmb35.org\/index.php\/association-maison-de-la-francophonie-de-bretagne\/\" class=\"menu-link\">L&rsquo;association<\/a><\/li>\n<li class=\"page_item page-item-321 menu-item\"><a href=\"https:\/\/afmb35.org\/index.php\/login-customizer\/\" class=\"menu-link\">Login Customizer<\/a><\/li>\n<li class=\"page_item page-item-459 menu-item\"><a href=\"https:\/\/afmb35.org\/index.php\/mentions-legales\/\" class=\"menu-link\">Mentions l\u00e9gales<\/a><\/li>\n<li class=\"page_item page-item-648 current_page_parent menu-item current-menu-parent\"><a href=\"https:\/\/afmb35.org\/index.php\/nos-articles-et-vu-dans-la-presse\/\" class=\"menu-link\">Nos articles et vu dans la presse<\/a><\/li>\n<li class=\"page_item page-item-422 menu-item\"><a href=\"https:\/\/afmb35.org\/index.php\/plan-du-site-maison-de-la-francophonie-de-bretagne\/\" class=\"menu-link\">Plan du site<\/a><\/li>\n<li class=\"page_item page-item-462 menu-item\"><a href=\"https:\/\/afmb35.org\/index.php\/consulter-notre-politique-de-confidentialite\/\" class=\"menu-link\">Politique de confidentialit\u00e9<\/a><\/li>\n<li class=\"page_item page-item-397 menu-item\"><a href=\"https:\/\/afmb35.org\/index.php\/qui-sommes-nous\/\" class=\"menu-link\">Qui sommes-nous<\/a><\/li>\n<\/ul>\n<h2 class=\"wsp-posts-title\"><span class=\"ez-toc-section\" id=\"Articles_par_categorie\"><\/span>Articles par cat\u00e9gorie<span class=\"ez-toc-section-end\"><\/span><\/h2>\n<ul class=\"wsp-posts-list\">\n\t<li><strong class=\"wsp-category-title\">Cat\u00e9gorie\u00a0: <a href=\"https:\/\/afmb35.org\/index.php\/category\/francophonie\/\">francophonie<\/a><\/strong>\n<ul class=\"wsp-posts-list\">\t\t<li class=\"wsp-post\"><a href=\"https:\/\/afmb35.org\/index.php\/2025\/12\/31\/chateaubriand-enchanteur-photos\/\">Chateaubriand &#8211; Promenade \u00ab\u00a0Sur les pas de l&rsquo;Enchanteur\u00a0\u00bb &#8211; Les photos<\/a><\/li>\n\t\t<li class=\"wsp-post\"><a href=\"https:\/\/afmb35.org\/index.php\/2024\/10\/15\/revue-de-presse-2024-2024\/\">Revue de presse 2023 &#8211; 2024<\/a><\/li>\n\t\t<li class=\"wsp-post\"><a href=\"https:\/\/afmb35.org\/index.php\/2024\/10\/15\/village-de-la-francophonie-2024\/\">Village de la Francophonie 2024<\/a><\/li>\n<\/ul><\/li>\n\t<li><strong class=\"wsp-category-title\">Cat\u00e9gorie\u00a0: <a href=\"https:\/\/afmb35.org\/index.php\/category\/non-classe\/\">Non class\u00e9<\/a><\/strong>\n<ul class=\"wsp-posts-list\">\t\t<li class=\"wsp-post\"><a href=\"https:\/\/afmb35.org\/index.php\/2026\/01\/31\/assemblee-generale-afmb-2026\/\">Assembl\u00e9e G\u00e9n\u00e9rale  AFMB 2026<\/a><\/li>\n\t\t<li class=\"wsp-post\"><a href=\"https:\/\/afmb35.org\/index.php\/2025\/09\/05\/voyage-culturel-a-guernesey-2025\/\">Voyage culturel \u00e0 Guernesey &#8211; 2025<\/a><\/li>\n\t\t<li class=\"wsp-post\"><a href=\"https:\/\/afmb35.org\/index.php\/2025\/04\/20\/semaine-de-la-francophonie-2025\/\">Semaine de la francophonie 2025<\/a><\/li>\n\t\t<li class=\"wsp-post\"><a href=\"https:\/\/afmb35.org\/index.php\/2025\/03\/21\/des-nouvelles-du-reseau-des-caravanes\/\">Des nouvelles du r\u00e9seau des Caravanes<\/a><\/li>\n\t\t<li class=\"wsp-post\"><a href=\"https:\/\/afmb35.org\/index.php\/2025\/02\/01\/lafmb35-veut-faire-rayonner-la-francophonie\/\">L&rsquo;AFMB35 veut faire rayonner la francophonie<\/a><\/li>\n\t\t<li class=\"wsp-post\"><a href=\"https:\/\/afmb35.org\/index.php\/2024\/11\/06\/lillettrisme-a-la-cite-internationale-de-la-langue-francaise\/\">L\u2019illettrisme \u00e0 la Cit\u00e9 internationale de la langue fran\u00e7aise<\/a><\/li>\n\t\t<li class=\"wsp-post\"><a href=\"https:\/\/afmb35.org\/index.php\/2024\/10\/31\/village-des-associations-2024\/\">Village des associations 2024<\/a><\/li>\n\t\t<li class=\"wsp-post\"><a href=\"https:\/\/afmb35.org\/index.php\/2024\/08\/07\/les-maisons-de-la-francophonie\/\">Les Maisons de la Francophonie.<\/a><\/li>\n<\/ul><\/li>\n<\/ul>\n<\/div>\n<\/div>\n\n\n\n<div class=\"wp-block-columns alignwide are-vertically-aligned-center is-layout-flex wp-container-core-columns-is-layout-28f84493 wp-block-columns-is-layout-flex\">\n<div class=\"wp-block-column is-layout-flow wp-block-column-is-layout-flow\" style=\"flex-basis:15%\"><\/div>\n\n\n\n<div class=\"wp-block-column is-layout-flow wp-block-column-is-layout-flow\" style=\"flex-basis:70%\">\n<p><\/p>\n\n\n\n<p>P<\/p>\n<\/div>\n<\/div>\n","protected":false},"excerpt":{"rendered":"<p>Plan du site Plan du site Pour vous faciliter et mieux d\u00e9couvrir le site afmb35.org, voici notre plan du site avec les d\u00e9tails de nos pages et nos articles. P<\/p>\n","protected":false},"author":2,"featured_media":51,"parent":0,"menu_order":0,"comment_status":"closed","ping_status":"closed","template":"","meta":{"_uag_custom_page_level_css":"","site-sidebar-layout":"default","site-content-layout":"","ast-site-content-layout":"default","site-content-style":"default","site-sidebar-style":"default","ast-global-header-display":"","ast-banner-title-visibility":"","ast-main-header-display":"","ast-hfb-above-header-display":"","ast-hfb-below-header-display":"","ast-hfb-mobile-header-display":"","site-post-title":"disabled","ast-breadcrumbs-content":"","ast-featured-img":"","footer-sml-layout":"","ast-disable-related-posts":"","theme-transparent-header-meta":"","adv-header-id-meta":"","stick-header-meta":"","header-above-stick-meta":"","header-main-stick-meta":"","header-below-stick-meta":"","astra-migrate-meta-layouts":"default","ast-page-background-enabled":"default","ast-page-background-meta":{"desktop":{"background-color":"var(--ast-global-color-4)","background-image":"","background-repeat":"repeat","background-position":"center center","background-size":"auto","background-attachment":"scroll","background-type":"","background-media":"","overlay-type":"","overlay-color":"","overlay-opacity":"","overlay-gradient":""},"tablet":{"background-color":"","background-image":"","background-repeat":"repeat","background-position":"center center","background-size":"auto","background-attachment":"scroll","background-type":"","background-media":"","overlay-type":"","overlay-color":"","overlay-opacity":"","overlay-gradient":""},"mobile":{"background-color":"","background-image":"","background-repeat":"repeat","background-position":"center center","background-size":"auto","background-attachment":"scroll","background-type":"","background-media":"","overlay-type":"","overlay-color":"","overlay-opacity":"","overlay-gradient":""}},"ast-content-background-meta":{"desktop":{"background-color":"var(--ast-global-color-5)","background-image":"","background-repeat":"repeat","background-position":"center center","background-size":"auto","background-attachment":"scroll","background-type":"","background-media":"","overlay-type":"","overlay-color":"","overlay-opacity":"","overlay-gradient":""},"tablet":{"background-color":"var(--ast-global-color-5)","background-image":"","background-repeat":"repeat","background-position":"center center","background-size":"auto","background-attachment":"scroll","background-type":"","background-media":"","overlay-type":"","overlay-color":"","overlay-opacity":"","overlay-gradient":""},"mobile":{"background-color":"var(--ast-global-color-5)","background-image":"","background-repeat":"repeat","background-position":"center center","background-size":"auto","background-attachment":"scroll","background-type":"","background-media":"","overlay-type":"","overlay-color":"","overlay-opacity":"","overlay-gradient":""}},"footnotes":""},"class_list":["post-422","page","type-page","status-publish","has-post-thumbnail","hentry"],"uagb_featured_image_src":{"full":["https:\/\/afmb35.org\/wp-content\/uploads\/2024\/08\/20230826_web1.jpg",2196,1235,false],"thumbnail":["https:\/\/afmb35.org\/wp-content\/uploads\/2024\/08\/20230826_web1-150x150.jpg",150,150,true],"medium":["https:\/\/afmb35.org\/wp-content\/uploads\/2024\/08\/20230826_web1-300x169.jpg",300,169,true],"medium_large":["https:\/\/afmb35.org\/wp-content\/uploads\/2024\/08\/20230826_web1-768x432.jpg",768,432,true],"large":["https:\/\/afmb35.org\/wp-content\/uploads\/2024\/08\/20230826_web1-1024x576.jpg",1024,576,true],"1536x1536":["https:\/\/afmb35.org\/wp-content\/uploads\/2024\/08\/20230826_web1-1536x864.jpg",1536,864,true],"2048x2048":["https:\/\/afmb35.org\/wp-content\/uploads\/2024\/08\/20230826_web1-2048x1152.jpg",2048,1152,true]},"uagb_author_info":{"display_name":"Jean-Luc VILLETTE","author_link":"https:\/\/afmb35.org\/author\/jean-luc\/"},"uagb_comment_info":0,"uagb_excerpt":"Plan du site Plan du site Pour vous faciliter et mieux d\u00e9couvrir le site afmb35.org, voici notre plan du site avec les d\u00e9tails de nos pages et nos articles. P","_links":{"self":[{"href":"https:\/\/afmb35.org\/index.php\/wp-json\/wp\/v2\/pages\/422","targetHints":{"allow":["GET"]}}],"collection":[{"href":"https:\/\/afmb35.org\/index.php\/wp-json\/wp\/v2\/pages"}],"about":[{"href":"https:\/\/afmb35.org\/index.php\/wp-json\/wp\/v2\/types\/page"}],"author":[{"embeddable":true,"href":"https:\/\/afmb35.org\/index.php\/wp-json\/wp\/v2\/users\/2"}],"replies":[{"embeddable":true,"href":"https:\/\/afmb35.org\/index.php\/wp-json\/wp\/v2\/comments?post=422"}],"version-history":[{"count":6,"href":"https:\/\/afmb35.org\/index.php\/wp-json\/wp\/v2\/pages\/422\/revisions"}],"predecessor-version":[{"id":1191,"href":"https:\/\/afmb35.org\/index.php\/wp-json\/wp\/v2\/pages\/422\/revisions\/1191"}],"wp:featuredmedia":[{"embeddable":true,"href":"https:\/\/afmb35.org\/index.php\/wp-json\/wp\/v2\/media\/51"}],"wp:attachment":[{"href":"https:\/\/afmb35.org\/index.php\/wp-json\/wp\/v2\/media?parent=422"}],"curies":[{"name":"wp","href":"https:\/\/api.w.org\/{rel}","templated":true}]}}