{"id":415,"date":"2024-08-06T18:37:02","date_gmt":"2024-08-06T16:37:02","guid":{"rendered":"https:\/\/afmb35.org\/?page_id=415"},"modified":"2025-02-01T11:04:37","modified_gmt":"2025-02-01T10:04:37","slug":"actualites-de-la-maison-de-la-francophonie-de-bretagne","status":"publish","type":"page","link":"https:\/\/afmb35.org\/index.php\/actualites-de-la-maison-de-la-francophonie-de-bretagne\/","title":{"rendered":"Actualit\u00e9s"},"content":{"rendered":"\n<figure class=\"wp-block-image aligncenter size-large is-resized is-style-default\"><img loading=\"lazy\" decoding=\"async\" width=\"1024\" height=\"580\" src=\"https:\/\/afmb35.org\/wp-content\/uploads\/2024\/08\/Revision-logo-AFMB35ver-2-trans-Blanc-1-1024x580.png\" alt=\"\" class=\"wp-image-196\" style=\"width:241px;height:auto\" srcset=\"https:\/\/afmb35.org\/wp-content\/uploads\/2024\/08\/Revision-logo-AFMB35ver-2-trans-Blanc-1-1024x580.png 1024w, https:\/\/afmb35.org\/wp-content\/uploads\/2024\/08\/Revision-logo-AFMB35ver-2-trans-Blanc-1-300x170.png 300w, https:\/\/afmb35.org\/wp-content\/uploads\/2024\/08\/Revision-logo-AFMB35ver-2-trans-Blanc-1-768x435.png 768w, https:\/\/afmb35.org\/wp-content\/uploads\/2024\/08\/Revision-logo-AFMB35ver-2-trans-Blanc-1.png 1445w\" sizes=\"auto, (max-width: 1024px) 100vw, 1024px\" \/><\/figure>\n\n\n\n<div style=\"background-image:url(&apos;https:\/\/afmb35.org\/wp-content\/uploads\/2024\/08\/20230826_web.jpg&apos;);background-position:48% 64%;background-size:cover;\" class=\"wp-block-group is-layout-constrained wp-block-group-is-layout-constrained has-background\">\n<h1 class=\"wp-block-heading has-text-align-center has-white-color has-text-color has-link-color wp-elements-fb0d0f010df3b4de4980b21420775707\" style=\"font-size:42px\">Actualit\u00e9s<\/h1>\n<\/div>\n\n\n\n<div class=\"wp-block-columns has-ast-global-color-7-background-color has-background is-layout-flex wp-container-core-columns-is-layout-28f84493 wp-block-columns-is-layout-flex\">\n<div class=\"wp-block-column is-layout-flow wp-block-column-is-layout-flow\" style=\"flex-basis:100%\">\n<div class=\"wp-block-group has-ast-global-color-7-background-color has-background is-layout-constrained wp-block-group-is-layout-constrained\">\n<p class=\"has-black-color has-text-color has-link-color wp-elements-2ba87f619e4018f5137a9a2af95da03d\" style=\"font-size:24px\">Venez d\u00e9couvrir sur cette page toute les actualit\u00e9s de la Francophonie de Bretagne<\/p>\n<\/div>\n\n\n\n<h2 class=\"wp-block-heading has-text-align-center has-text-color has-link-color wp-elements-b91596558c01b81a269d6070f3b77976\" style=\"color:#006db6;font-size:24px\"><strong>Nos articles ;<\/strong><\/h2>\n\n\n\n<div style=\"height:18px\" aria-hidden=\"true\" class=\"wp-block-spacer\"><\/div>\n\n\n<ul style=\"color:#006db6; font-style:normal;font-weight:600; padding-top:0;padding-bottom:0;padding-left:var(--wp--preset--spacing--30);padding-right:var(--wp--preset--spacing--30);margin-top:0;margin-bottom:0;margin-left:0;margin-right:0;\" class=\"wp-block-latest-posts__list has-dates has-link-color aligncenter wp-elements-6fb399a55fed74949746c28bf2350054 wp-block-latest-posts has-text-color has-background has-white-background-color\"><li><div class=\"wp-block-latest-posts__featured-image aligncenter\"><img loading=\"lazy\" decoding=\"async\" width=\"300\" height=\"272\" src=\"https:\/\/afmb35.org\/wp-content\/uploads\/2026\/01\/Article-22-01-2026-PM-AGo-AFMB35-300x272.jpg\" class=\"attachment-medium size-medium wp-post-image\" alt=\"\" style=\"\" srcset=\"https:\/\/afmb35.org\/wp-content\/uploads\/2026\/01\/Article-22-01-2026-PM-AGo-AFMB35-300x272.jpg 300w, https:\/\/afmb35.org\/wp-content\/uploads\/2026\/01\/Article-22-01-2026-PM-AGo-AFMB35-1024x928.jpg 1024w, https:\/\/afmb35.org\/wp-content\/uploads\/2026\/01\/Article-22-01-2026-PM-AGo-AFMB35-768x696.jpg 768w, https:\/\/afmb35.org\/wp-content\/uploads\/2026\/01\/Article-22-01-2026-PM-AGo-AFMB35.jpg 1060w\" sizes=\"auto, (max-width: 300px) 100vw, 300px\" \/><\/div><a class=\"wp-block-latest-posts__post-title\" href=\"https:\/\/afmb35.org\/index.php\/2026\/01\/31\/assemblee-generale-afmb-2026\/\">Assembl\u00e9e G\u00e9n\u00e9rale  AFMB 2026<\/a><time datetime=\"2026-01-31T22:27:33+01:00\" class=\"wp-block-latest-posts__post-date\">31 janvier 2026<\/time><\/li>\n<li><div class=\"wp-block-latest-posts__featured-image aligncenter\"><img loading=\"lazy\" decoding=\"async\" width=\"300\" height=\"200\" src=\"https:\/\/afmb35.org\/wp-content\/uploads\/2025\/12\/chateaubriand-spatari-1-300x200.jpg\" class=\"attachment-medium size-medium wp-post-image\" alt=\"Chateaubriand : Sur les pas de l&#039;Enchanteur - une promenade dans Saint-Malo avec Vincent Spatari.\" style=\"\" srcset=\"https:\/\/afmb35.org\/wp-content\/uploads\/2025\/12\/chateaubriand-spatari-1-300x200.jpg 300w, https:\/\/afmb35.org\/wp-content\/uploads\/2025\/12\/chateaubriand-spatari-1-768x512.jpg 768w, https:\/\/afmb35.org\/wp-content\/uploads\/2025\/12\/chateaubriand-spatari-1.jpg 1000w\" sizes=\"auto, (max-width: 300px) 100vw, 300px\" \/><\/div><a class=\"wp-block-latest-posts__post-title\" href=\"https:\/\/afmb35.org\/index.php\/2025\/12\/31\/chateaubriand-enchanteur-photos\/\">Chateaubriand &#8211; Promenade \u00ab\u00a0Sur les pas de l&rsquo;Enchanteur\u00a0\u00bb &#8211; Les photos<\/a><time datetime=\"2025-12-31T12:17:24+01:00\" class=\"wp-block-latest-posts__post-date\">31 d\u00e9cembre 2025<\/time><\/li>\n<li><div class=\"wp-block-latest-posts__featured-image aligncenter\"><img loading=\"lazy\" decoding=\"async\" width=\"300\" height=\"135\" src=\"https:\/\/afmb35.org\/wp-content\/uploads\/2025\/09\/Jardin-maison-Victor-Hugo-300x135.jpg\" class=\"attachment-medium size-medium wp-post-image\" alt=\"Jardin de la maison de Victor-Hugo\" style=\"\" srcset=\"https:\/\/afmb35.org\/wp-content\/uploads\/2025\/09\/Jardin-maison-Victor-Hugo-300x135.jpg 300w, https:\/\/afmb35.org\/wp-content\/uploads\/2025\/09\/Jardin-maison-Victor-Hugo-1024x461.jpg 1024w, https:\/\/afmb35.org\/wp-content\/uploads\/2025\/09\/Jardin-maison-Victor-Hugo-768x346.jpg 768w, https:\/\/afmb35.org\/wp-content\/uploads\/2025\/09\/Jardin-maison-Victor-Hugo.jpg 1448w\" sizes=\"auto, (max-width: 300px) 100vw, 300px\" \/><\/div><a class=\"wp-block-latest-posts__post-title\" href=\"https:\/\/afmb35.org\/index.php\/2025\/09\/05\/voyage-culturel-a-guernesey-2025\/\">Voyage culturel \u00e0 Guernesey &#8211; 2025<\/a><time datetime=\"2025-09-05T19:51:56+02:00\" class=\"wp-block-latest-posts__post-date\">5 septembre 2025<\/time><\/li>\n<li><div class=\"wp-block-latest-posts__featured-image aligncenter\"><img loading=\"lazy\" decoding=\"async\" width=\"300\" height=\"178\" src=\"https:\/\/afmb35.org\/wp-content\/uploads\/2025\/04\/logo-10-mots-300x178.png\" class=\"attachment-medium size-medium wp-post-image\" alt=\"Logo dis moi dix mots\" style=\"\" srcset=\"https:\/\/afmb35.org\/wp-content\/uploads\/2025\/04\/logo-10-mots-300x178.png 300w, https:\/\/afmb35.org\/wp-content\/uploads\/2025\/04\/logo-10-mots-1024x607.png 1024w, https:\/\/afmb35.org\/wp-content\/uploads\/2025\/04\/logo-10-mots-768x455.png 768w, https:\/\/afmb35.org\/wp-content\/uploads\/2025\/04\/logo-10-mots.png 1255w\" sizes=\"auto, (max-width: 300px) 100vw, 300px\" \/><\/div><a class=\"wp-block-latest-posts__post-title\" href=\"https:\/\/afmb35.org\/index.php\/2025\/04\/20\/semaine-de-la-francophonie-2025\/\">Semaine de la francophonie 2025<\/a><time datetime=\"2025-04-20T18:56:15+02:00\" class=\"wp-block-latest-posts__post-date\">20 avril 2025<\/time><\/li>\n<li><div class=\"wp-block-latest-posts__featured-image aligncenter\"><img loading=\"lazy\" decoding=\"async\" width=\"300\" height=\"217\" src=\"https:\/\/afmb35.org\/wp-content\/uploads\/2024\/08\/Caravane-Bretagne-1-1-300x217.jpg\" class=\"attachment-medium size-medium wp-post-image\" alt=\"La caravane\" style=\"\" srcset=\"https:\/\/afmb35.org\/wp-content\/uploads\/2024\/08\/Caravane-Bretagne-1-1-300x217.jpg 300w, https:\/\/afmb35.org\/wp-content\/uploads\/2024\/08\/Caravane-Bretagne-1-1.jpg 486w\" sizes=\"auto, (max-width: 300px) 100vw, 300px\" \/><\/div><a class=\"wp-block-latest-posts__post-title\" href=\"https:\/\/afmb35.org\/index.php\/2025\/03\/21\/des-nouvelles-du-reseau-des-caravanes\/\">Des nouvelles du r\u00e9seau des Caravanes<\/a><time datetime=\"2025-03-21T17:05:22+01:00\" class=\"wp-block-latest-posts__post-date\">21 mars 2025<\/time><\/li>\n<\/ul>\n\n\n<h2 class=\"wp-block-heading has-text-align-center has-text-color has-link-color wp-elements-a766f2b886ef563d771aba4f071ef493\" style=\"color:#006db6;font-size:24px\"><strong>Nos annonces ;<\/strong><\/h2>\n\n\n\n<p class=\"has-text-align-center has-black-color has-white-background-color has-text-color has-background has-link-color wp-elements-ea8135ad692d1b1ed664792c422bd475\" style=\"font-size:24px\">Notre Assembl\u00e9e G\u00e9n\u00e9rale s&rsquo;\u00e9tait tenu le 10 janvier 2024 \u2013 Espace Bouvet \u00e0 Saint-Servan (Saint-Malo)<\/p>\n<\/div>\n\n\n\n<div class=\"wp-block-column is-layout-flow wp-block-column-is-layout-flow\"><\/div>\n<\/div>\n\n\n\n<p><\/p>\n\n\n\n<div class=\"wp-block-columns alignwide are-vertically-aligned-center is-layout-flex wp-container-core-columns-is-layout-28f84493 wp-block-columns-is-layout-flex\">\n<div class=\"wp-block-column is-layout-flow wp-block-column-is-layout-flow\" style=\"flex-basis:70%\">\n<p><\/p>\n\n\n\n<p>P<\/p>\n<\/div>\n<\/div>\n","protected":false},"excerpt":{"rendered":"<p>Actualit\u00e9s Venez d\u00e9couvrir sur cette page toute les actualit\u00e9s de la Francophonie de Bretagne Nos articles ; Nos annonces ; Notre Assembl\u00e9e G\u00e9n\u00e9rale s&rsquo;\u00e9tait tenu le 10 janvier 2024 \u2013 [&hellip;]<\/p>\n","protected":false},"author":2,"featured_media":183,"parent":0,"menu_order":0,"comment_status":"closed","ping_status":"closed","template":"","meta":{"_uag_custom_page_level_css":"","site-sidebar-layout":"default","site-content-layout":"","ast-site-content-layout":"default","site-content-style":"default","site-sidebar-style":"default","ast-global-header-display":"","ast-banner-title-visibility":"","ast-main-header-display":"","ast-hfb-above-header-display":"","ast-hfb-below-header-display":"","ast-hfb-mobile-header-display":"","site-post-title":"disabled","ast-breadcrumbs-content":"","ast-featured-img":"","footer-sml-layout":"","ast-disable-related-posts":"","theme-transparent-header-meta":"","adv-header-id-meta":"","stick-header-meta":"","header-above-stick-meta":"","header-main-stick-meta":"","header-below-stick-meta":"","astra-migrate-meta-layouts":"default","ast-page-background-enabled":"default","ast-page-background-meta":{"desktop":{"background-color":"var(--ast-global-color-4)","background-image":"","background-repeat":"repeat","background-position":"center center","background-size":"auto","background-attachment":"scroll","background-type":"","background-media":"","overlay-type":"","overlay-color":"","overlay-opacity":"","overlay-gradient":""},"tablet":{"background-color":"","background-image":"","background-repeat":"repeat","background-position":"center center","background-size":"auto","background-attachment":"scroll","background-type":"","background-media":"","overlay-type":"","overlay-color":"","overlay-opacity":"","overlay-gradient":""},"mobile":{"background-color":"","background-image":"","background-repeat":"repeat","background-position":"center center","background-size":"auto","background-attachment":"scroll","background-type":"","background-media":"","overlay-type":"","overlay-color":"","overlay-opacity":"","overlay-gradient":""}},"ast-content-background-meta":{"desktop":{"background-color":"var(--ast-global-color-5)","background-image":"","background-repeat":"repeat","background-position":"center center","background-size":"auto","background-attachment":"scroll","background-type":"","background-media":"","overlay-type":"","overlay-color":"","overlay-opacity":"","overlay-gradient":""},"tablet":{"background-color":"var(--ast-global-color-5)","background-image":"","background-repeat":"repeat","background-position":"center center","background-size":"auto","background-attachment":"scroll","background-type":"","background-media":"","overlay-type":"","overlay-color":"","overlay-opacity":"","overlay-gradient":""},"mobile":{"background-color":"var(--ast-global-color-5)","background-image":"","background-repeat":"repeat","background-position":"center center","background-size":"auto","background-attachment":"scroll","background-type":"","background-media":"","overlay-type":"","overlay-color":"","overlay-opacity":"","overlay-gradient":""}},"footnotes":""},"class_list":["post-415","page","type-page","status-publish","has-post-thumbnail","hentry"],"uagb_featured_image_src":{"full":["https:\/\/afmb35.org\/wp-content\/uploads\/2024\/08\/cropped-logo-AFMB35-512-512-1.png",512,512,false],"thumbnail":["https:\/\/afmb35.org\/wp-content\/uploads\/2024\/08\/cropped-logo-AFMB35-512-512-1-150x150.png",150,150,true],"medium":["https:\/\/afmb35.org\/wp-content\/uploads\/2024\/08\/cropped-logo-AFMB35-512-512-1-300x300.png",300,300,true],"medium_large":["https:\/\/afmb35.org\/wp-content\/uploads\/2024\/08\/cropped-logo-AFMB35-512-512-1.png",512,512,false],"large":["https:\/\/afmb35.org\/wp-content\/uploads\/2024\/08\/cropped-logo-AFMB35-512-512-1.png",512,512,false],"1536x1536":["https:\/\/afmb35.org\/wp-content\/uploads\/2024\/08\/cropped-logo-AFMB35-512-512-1.png",512,512,false],"2048x2048":["https:\/\/afmb35.org\/wp-content\/uploads\/2024\/08\/cropped-logo-AFMB35-512-512-1.png",512,512,false]},"uagb_author_info":{"display_name":"Jean-Luc VILLETTE","author_link":"https:\/\/afmb35.org\/author\/jean-luc\/"},"uagb_comment_info":0,"uagb_excerpt":"Actualit\u00e9s Venez d\u00e9couvrir sur cette page toute les actualit\u00e9s de la Francophonie de Bretagne Nos articles ; Nos annonces ; Notre Assembl\u00e9e G\u00e9n\u00e9rale s&rsquo;\u00e9tait tenu le 10 janvier 2024 \u2013 [&hellip;]","_links":{"self":[{"href":"https:\/\/afmb35.org\/index.php\/wp-json\/wp\/v2\/pages\/415","targetHints":{"allow":["GET"]}}],"collection":[{"href":"https:\/\/afmb35.org\/index.php\/wp-json\/wp\/v2\/pages"}],"about":[{"href":"https:\/\/afmb35.org\/index.php\/wp-json\/wp\/v2\/types\/page"}],"author":[{"embeddable":true,"href":"https:\/\/afmb35.org\/index.php\/wp-json\/wp\/v2\/users\/2"}],"replies":[{"embeddable":true,"href":"https:\/\/afmb35.org\/index.php\/wp-json\/wp\/v2\/comments?post=415"}],"version-history":[{"count":20,"href":"https:\/\/afmb35.org\/index.php\/wp-json\/wp\/v2\/pages\/415\/revisions"}],"predecessor-version":[{"id":1246,"href":"https:\/\/afmb35.org\/index.php\/wp-json\/wp\/v2\/pages\/415\/revisions\/1246"}],"wp:featuredmedia":[{"embeddable":true,"href":"https:\/\/afmb35.org\/index.php\/wp-json\/wp\/v2\/media\/183"}],"wp:attachment":[{"href":"https:\/\/afmb35.org\/index.php\/wp-json\/wp\/v2\/media?parent=415"}],"curies":[{"name":"wp","href":"https:\/\/api.w.org\/{rel}","templated":true}]}}