{"id":401,"date":"2024-08-06T17:49:59","date_gmt":"2024-08-06T15:49:59","guid":{"rendered":"https:\/\/afmb35.org\/?page_id=401"},"modified":"2026-03-13T10:30:08","modified_gmt":"2026-03-13T09:30:08","slug":"association-maison-de-la-francophonie-de-bretagne","status":"publish","type":"page","link":"https:\/\/afmb35.org\/index.php\/association-maison-de-la-francophonie-de-bretagne\/","title":{"rendered":"L&rsquo;association"},"content":{"rendered":"\n<figure class=\"wp-block-image aligncenter size-large is-resized is-style-default\"><img loading=\"lazy\" decoding=\"async\" width=\"1024\" height=\"580\" src=\"https:\/\/afmb35.org\/wp-content\/uploads\/2024\/08\/Revision-logo-AFMB35ver-2-trans-Blanc-1-1024x580.png\" alt=\"\" class=\"wp-image-196\" style=\"width:241px;height:auto\" srcset=\"https:\/\/afmb35.org\/wp-content\/uploads\/2024\/08\/Revision-logo-AFMB35ver-2-trans-Blanc-1-1024x580.png 1024w, https:\/\/afmb35.org\/wp-content\/uploads\/2024\/08\/Revision-logo-AFMB35ver-2-trans-Blanc-1-300x170.png 300w, https:\/\/afmb35.org\/wp-content\/uploads\/2024\/08\/Revision-logo-AFMB35ver-2-trans-Blanc-1-768x435.png 768w, https:\/\/afmb35.org\/wp-content\/uploads\/2024\/08\/Revision-logo-AFMB35ver-2-trans-Blanc-1.png 1445w\" sizes=\"auto, (max-width: 1024px) 100vw, 1024px\" \/><\/figure>\n\n\n\n<div style=\"background-image:url(&apos;https:\/\/afmb35.org\/wp-content\/uploads\/2024\/08\/20230826_web.jpg&apos;);background-position:48% 64%;background-size:cover;\" class=\"wp-block-group is-layout-constrained wp-block-group-is-layout-constrained has-background\">\n<h1 class=\"wp-block-heading has-text-align-center has-white-color has-text-color has-link-color wp-elements-a1aa122da2db9fef82bdc45d1c373c70\" style=\"font-size:42px\"><span class=\"ez-toc-section\" id=\"Lassociation\"><\/span>L&rsquo;association<span class=\"ez-toc-section-end\"><\/span><\/h1><div id=\"ez-toc-container\" class=\"ez-toc-v2_0_81 counter-hierarchy ez-toc-counter ez-toc-grey ez-toc-container-direction\">\n<div class=\"ez-toc-title-container\">\n<p class=\"ez-toc-title\" style=\"cursor:inherit\">Sommaire :<\/p>\n<span class=\"ez-toc-title-toggle\"><a href=\"#\" class=\"ez-toc-pull-right ez-toc-btn ez-toc-btn-xs ez-toc-btn-default ez-toc-toggle\" aria-label=\"Toggle Table of Content\"><span class=\"ez-toc-js-icon-con\"><span class=\"\"><span class=\"eztoc-hide\" style=\"display:none;\">Toggle<\/span><span class=\"ez-toc-icon-toggle-span\"><svg style=\"fill: #999;color:#999\" xmlns=\"http:\/\/www.w3.org\/2000\/svg\" class=\"list-377408\" width=\"20px\" height=\"20px\" viewBox=\"0 0 24 24\" fill=\"none\"><path d=\"M6 6H4v2h2V6zm14 0H8v2h12V6zM4 11h2v2H4v-2zm16 0H8v2h12v-2zM4 16h2v2H4v-2zm16 0H8v2h12v-2z\" fill=\"currentColor\"><\/path><\/svg><svg style=\"fill: #999;color:#999\" class=\"arrow-unsorted-368013\" xmlns=\"http:\/\/www.w3.org\/2000\/svg\" width=\"10px\" height=\"10px\" viewBox=\"0 0 24 24\" version=\"1.2\" baseProfile=\"tiny\"><path d=\"M18.2 9.3l-6.2-6.3-6.2 6.3c-.2.2-.3.4-.3.7s.1.5.3.7c.2.2.4.3.7.3h11c.3 0 .5-.1.7-.3.2-.2.3-.5.3-.7s-.1-.5-.3-.7zM5.8 14.7l6.2 6.3 6.2-6.3c.2-.2.3-.5.3-.7s-.1-.5-.3-.7c-.2-.2-.4-.3-.7-.3h-11c-.3 0-.5.1-.7.3-.2.2-.3.5-.3.7s.1.5.3.7z\"\/><\/svg><\/span><\/span><\/span><\/a><\/span><\/div>\n<nav><ul class='ez-toc-list ez-toc-list-level-1 ' ><li class='ez-toc-page-1 ez-toc-heading-level-1'><a class=\"ez-toc-link ez-toc-heading-1\" href=\"https:\/\/afmb35.org\/index.php\/association-maison-de-la-francophonie-de-bretagne\/#Lassociation\" >L&rsquo;association<\/a><ul class='ez-toc-list-level-2' ><li class='ez-toc-heading-level-2'><a class=\"ez-toc-link ez-toc-heading-2\" href=\"https:\/\/afmb35.org\/index.php\/association-maison-de-la-francophonie-de-bretagne\/#La_Francophonie_cest_quoi\" >La Francophonie c&rsquo;est quoi ?<\/a><\/li><li class='ez-toc-page-1 ez-toc-heading-level-2'><a class=\"ez-toc-link ez-toc-heading-3\" href=\"https:\/\/afmb35.org\/index.php\/association-maison-de-la-francophonie-de-bretagne\/#Partenariats_manifestations_actions\" >Partenariats, manifestations, actions :<\/a><\/li><li class='ez-toc-page-1 ez-toc-heading-level-2'><a class=\"ez-toc-link ez-toc-heading-4\" href=\"https:\/\/afmb35.org\/index.php\/association-maison-de-la-francophonie-de-bretagne\/#Les_ambitions_de_lassociation\" >Les ambitions de l&rsquo;association :<\/a><\/li><li class='ez-toc-page-1 ez-toc-heading-level-2'><a class=\"ez-toc-link ez-toc-heading-5\" href=\"https:\/\/afmb35.org\/index.php\/association-maison-de-la-francophonie-de-bretagne\/#Le_Bureau\" >Le Bureau :<\/a><\/li><\/ul><\/li><\/ul><\/nav><\/div>\n\n<\/div>\n\n\n\n<div class=\"wp-block-columns has-ast-global-color-7-background-color has-background is-layout-flex wp-container-core-columns-is-layout-28f84493 wp-block-columns-is-layout-flex\">\n<div class=\"wp-block-column is-layout-flow wp-block-column-is-layout-flow\" style=\"flex-basis:100%\">\n<div class=\"wp-block-group has-ast-global-color-7-background-color has-background is-layout-constrained wp-block-group-is-layout-constrained\">\n<p class=\"has-text-align-center has-text-color has-link-color wp-elements-628ed0cb4518a14a322d08166d9f2f4b\" style=\"color:#006db6;font-size:24px\"><strong>Accueillir :<\/strong><\/p>\n\n\n\n<p class=\"has-black-color has-text-color has-link-color wp-elements-fc51e25aa2131ecb814deadb85fe3053\" style=\"font-size:24px\">L&rsquo;association de la  <strong>Maison de la Francophonie de Bretagne<\/strong> \u00e0 Saint-Malo se donne pour objectif de <strong>promouvoir la francophonie<\/strong>, mobiliser la soci\u00e9t\u00e9 civile pour faire conna\u00eetre et partager la francophonie, son histoire, ses institutions, ses valeurs, dont la diversit\u00e9 culturelle et linguistique.<\/p>\n<\/div>\n\n\n\n<h2 class=\"wp-block-heading has-text-align-center has-text-color has-link-color wp-elements-ae03950c128cedd0809393be563a294f\" style=\"color:#006db6;font-size:24px\"><span class=\"ez-toc-section\" id=\"La_Francophonie_cest_quoi\"><\/span>La Francophonie c&rsquo;est quoi ?<span class=\"ez-toc-section-end\"><\/span><\/h2>\n\n\n\n<div class=\"wp-block-group has-ast-global-color-7-background-color has-background is-layout-constrained wp-block-group-is-layout-constrained\">\n<p class=\"has-black-color has-text-color has-link-color wp-elements-6d18e7bc6e215ff9f8f9714184b984e3\" style=\"font-size:24px\">La date de l\u2019invention du mot par On\u00e9sime RECLUS renvoie \u00e0 une situation historique de diffusion mondiale de la langue fran\u00e7aise, cons\u00e9quence \u00e0 la fois de l\u2019expansion coloniale fran\u00e7aise et belge dans le monde et du rayonnement fran\u00e7ais, en Europe notamment, ce qui avait fait du fran\u00e7ais la langue des cours royales. Ce constat linguistique et g\u00e9ographique correspond \u00e0 la premi\u00e8re francophonie, la francophonie purement linguistique et coloniale.&nbsp;\u00bb<\/p>\n<\/div>\n\n\n\n<h2 class=\"wp-block-heading has-text-align-center has-text-color has-link-color wp-elements-84647e313a594bee712b1989c0c66365\" style=\"color:#006db6;font-size:24px\"><span class=\"ez-toc-section\" id=\"Partenariats_manifestations_actions\"><\/span><strong>Partenariats, manifestations, actions :<\/strong><span class=\"ez-toc-section-end\"><\/span><\/h2>\n\n\n\n<p class=\"has-black-color has-text-color has-link-color wp-elements-e675f35298f383c4b697c98a922b343d\" style=\"font-size:24px\">En collaboration avec des partenaires ou lors d&rsquo;\u00e9v\u00e8nements organis\u00e9s par nos soins, nous insufflons le dynamisme \u00e0 notre association en participant et en \u00e0 initiant de nombreux programmes afin de partager, \u00e9changer et informer sur la Francophonie, les Francophonies.<\/p>\n\n\n\n<div class=\"wp-block-media-text alignfull has-media-on-the-right is-stacked-on-mobile is-vertically-aligned-center\" style=\"grid-template-columns:auto 31%\"><div class=\"wp-block-media-text__content\">\n<p class=\"has-black-color has-text-color has-link-color wp-elements-f735111ecaa0bf538597a5722d36cb03\" style=\"font-size:24px\">Chaque ann\u00e9e, l&rsquo;AMFB35 s\u2019engage dans de nombreuses manifestations Par exemple, ont \u00e9t\u00e9 organis\u00e9es par notre Maison \u00e0 Saint-Malo, en France et \u00e0 l\u2019international \u00e0 travers le monde, l\u2019op\u00e9ration des Dis-moi dix mots de la Caravane. Depuis 2017, la Caravane Bretagne port\u00e9e par la MFB est labellis\u00e9e, un label reconduit jusqu\u2019en 2024-2025.<\/p>\n\n\n\n<p class=\"has-black-color has-text-color has-link-color wp-elements-0912da0ec7bbd6fa347dd177fc029110\" style=\"font-size:24px\">La Caravane des dix mots est partag\u00e9e par des \u00e9quipes artistiques et acteurs culturels pr\u00e9sents sur les cinq continents, que l\u2019on appelle les Caravaniers. Depuis 2003, pr\u00e8s de 100 structures ont particip\u00e9 \u00e0 cette aventure linguistique en mobilisant les habitants de leur territoire !<\/p>\n\n\n\n<p class=\"has-black-color has-text-color has-link-color wp-elements-e674de481e0366860ec161c4d44593f7\" style=\"font-size:24px\">Rassembl\u00e9s par une conception commune de la langue comme pont entre les citoyens et comme outil pour aller \u00e0 la rencontre des cultures, ils forment un r\u00e9seau dynamique, engag\u00e9 dans une r\u00e9flexion sur les enjeux de la francophonie, la d\u00e9fense et la promotion de la richesse de la diversit\u00e9 culturelle et linguistique.<\/p>\n<\/div><figure class=\"wp-block-media-text__media\"><img loading=\"lazy\" decoding=\"async\" width=\"486\" height=\"352\" src=\"https:\/\/afmb35.org\/wp-content\/uploads\/2024\/08\/Caravane-Bretagne-1-1.jpg\" alt=\"\" class=\"wp-image-411 size-full\" srcset=\"https:\/\/afmb35.org\/wp-content\/uploads\/2024\/08\/Caravane-Bretagne-1-1.jpg 486w, https:\/\/afmb35.org\/wp-content\/uploads\/2024\/08\/Caravane-Bretagne-1-1-300x217.jpg 300w\" sizes=\"auto, (max-width: 486px) 100vw, 486px\" \/><\/figure><\/div>\n\n\n\n<div class=\"wp-block-media-text alignfull is-stacked-on-mobile\" style=\"grid-template-columns:28% auto\"><figure class=\"wp-block-media-text__media\"><img loading=\"lazy\" decoding=\"async\" width=\"520\" height=\"710\" src=\"https:\/\/afmb35.org\/wp-content\/uploads\/2024\/08\/Onesime-Reclus33-1-1.jpg\" alt=\"\" class=\"wp-image-405 size-full\" srcset=\"https:\/\/afmb35.org\/wp-content\/uploads\/2024\/08\/Onesime-Reclus33-1-1.jpg 520w, https:\/\/afmb35.org\/wp-content\/uploads\/2024\/08\/Onesime-Reclus33-1-1-220x300.jpg 220w\" sizes=\"auto, (max-width: 520px) 100vw, 520px\" \/><\/figure><div class=\"wp-block-media-text__content\">\n<p class=\"has-black-color has-text-color has-link-color wp-elements-d9b9c99bb58cc41bceca780a9fec59ab\" style=\"font-size:24px\">\u00ab&nbsp;C\u2019est au g\u00e9ographe fran\u00e7ais <strong>On\u00e9sime RECLUS <\/strong>(1837-1916) que l\u2019on doit l\u2019invention du mot \u00ab <strong>francophonie<\/strong> \u00bb, apparu pour la premi\u00e8re fois dans son ouvrage France, Alg\u00e9rie et colonies publi\u00e9 en 1880. Toutefois, il n\u2019a pas d\u00e9fini le terme \u00ab francophonie \u00bb mais plut\u00f4t celui de \u00ab francophone \u00bb. D\u2019apr\u00e8s l\u2019auteur, sont francophones : \u00ab tous ceux qui sont ou semblent destin\u00e9s \u00e0 rester ou \u00e0 devenir participants de notre langue \u00bb (Reclus On\u00e9sime, France, Alg\u00e9rie et colonies, Paris : Hachette, 1883, p. 422). <\/p>\n\n\n\n<p class=\"has-black-color has-text-color has-link-color wp-elements-d1553b4f789930a83a1fe37dd151a2f0\" style=\"font-size:24px\">Pour ce g\u00e9ographe, le terme \u00ab francophonie \u00bb faisait r\u00e9f\u00e9rence \u00e0 un constat de g\u00e9ographe : existence des populations hors Hexagone parlant le fran\u00e7ais comme langue maternelle ou langue de communication dans la soci\u00e9t\u00e9. Il estimait \u00e0 plus de 47 millions de \u00ab parlants fran\u00e7ais \u00bb dans le monde.&nbsp;\u00bb<\/p>\n\n\n\n<p class=\"has-text-align-left has-black-color has-text-color has-link-color wp-elements-c8695304d7856283c5af6deb5db94b54\" style=\"font-size:16px\">Source image : Joseph Uzanne,&nbsp;<em>Figures contemporaines tir\u00e9es de l\u2019Album Mariani<\/em>, Librairie Henri Floury, Paris, vol XII, 1911,&nbsp;Biblioth\u00e8que nationale de France<\/p>\n<\/div><\/div>\n\n\n\n<h2 class=\"wp-block-heading has-text-align-center has-text-color has-link-color wp-elements-b2da2fc6bac44738a64303c52b3c12e1\" style=\"color:#006db6;font-size:24px\"><span class=\"ez-toc-section\" id=\"Les_ambitions_de_lassociation\"><\/span>Les ambitions de l&rsquo;association :<span class=\"ez-toc-section-end\"><\/span><\/h2>\n\n\n\n<p class=\"has-black-color has-text-color has-link-color wp-elements-0e03fba76ec88a39cfe9df80daddc609\" style=\"font-size:24px\">&gt; <strong>Sensibiliser<\/strong>, <strong>informer<\/strong>, <strong>promouvoir<\/strong> la francophonie dans ses dimensions politiques, \u00e9conomiques et culturelles. <\/p>\n\n\n\n<p class=\"has-black-color has-text-color has-link-color wp-elements-ac6c57517c8d6fc515794f28f7aa8e93\" style=\"font-size:24px\">&gt; <strong>\u00catre une plateforme de diffusion des activit\u00e9s et \u00e9v\u00e9nements des associations et communaut\u00e9s francophones.<\/strong><\/p>\n\n\n\n<p class=\"has-black-color has-text-color has-link-color wp-elements-d45f426c4a46d82c8e7371c08c3099b3\" style=\"font-size:24px\">&gt; <strong>Faciliter la rencontre des associations \u00e0 vocation francophone.<\/strong> <\/p>\n\n\n\n<p class=\"has-text-align-center has-black-color has-text-color has-link-color wp-elements-aa3588ae1de01fbf8b536501b9b40ba4\" style=\"font-size:24px\">La Maison de la Francophonie de Bretagne a transf\u00e9r\u00e9 son si\u00e8ge \u00e0 Saint-Malo en Octobre 2021. Elle \u0153uvre au d\u00e9veloppement d\u2019un r\u00e9seau d\u2019id\u00e9es et d\u2019influences autour de la Francophonie.<\/p>\n\n\n\n<h2 class=\"wp-block-heading has-text-align-center has-text-color has-link-color wp-elements-909576bc5a689b25e834818825890637\" style=\"color:#006db6;font-size:24px\"><span class=\"ez-toc-section\" id=\"Le_Bureau\"><\/span>Le Bureau :<span class=\"ez-toc-section-end\"><\/span><\/h2>\n\n\n\n<ul class=\"wp-block-list\">\n<li class=\"has-black-color has-text-color has-link-color wp-elements-d72debba5e64dfb6efe86eba5b0bd854\" style=\"font-size:24px\">Pr\u00e9sidente: <strong>Patricia GRAUX-ROUZ\u00c9<\/strong><\/li>\n\n\n\n<li class=\"has-black-color has-text-color has-link-color wp-elements-8ade5bfdbbf531ba73f28138b7a95b54\" style=\"font-size:24px\">Communication Web et num\u00e9rique : <strong>Jean-Luc VILLETTE<\/strong><\/li>\n<\/ul>\n\n\n\n<p><\/p>\n<\/div>\n\n\n\n<div class=\"wp-block-column is-layout-flow wp-block-column-is-layout-flow\"><\/div>\n<\/div>\n\n\n\n<div style=\"height:32px\" aria-hidden=\"true\" class=\"wp-block-spacer\"><\/div>\n\n\n\n<p class=\"has-text-align-center has-white-color has-text-color has-link-color wp-elements-45907320d5d2a981ceb3ca22fa1f352a\" style=\"font-size:20px\"><strong>Association  de la Maison de la Francophonie de Bretagne<\/strong>, 9 rue des Cottages &#8211; 35400 SAINT-MALO &#8211; <a href=\"mailto:contact@afmb35.org\">contact@afmb35.org<\/a><\/p>\n\n\n\n<figure class=\"wp-block-image aligncenter size-large is-resized\"><img loading=\"lazy\" decoding=\"async\" width=\"1024\" height=\"538\" src=\"https:\/\/afmb35.org\/wp-content\/uploads\/2024\/08\/logo-AFMB35-pour-Rankseo-1024x538.png\" alt=\"Logo AFMB35 SEO\" class=\"wp-image-695\" style=\"width:274px;height:auto\" srcset=\"https:\/\/afmb35.org\/wp-content\/uploads\/2024\/08\/logo-AFMB35-pour-Rankseo-1024x538.png 1024w, https:\/\/afmb35.org\/wp-content\/uploads\/2024\/08\/logo-AFMB35-pour-Rankseo-300x158.png 300w, https:\/\/afmb35.org\/wp-content\/uploads\/2024\/08\/logo-AFMB35-pour-Rankseo-768x403.png 768w, https:\/\/afmb35.org\/wp-content\/uploads\/2024\/08\/logo-AFMB35-pour-Rankseo.png 1200w\" sizes=\"auto, (max-width: 1024px) 100vw, 1024px\" \/><figcaption class=\"wp-element-caption\">Logo AFMB35 SEO<\/figcaption><\/figure>\n","protected":false},"excerpt":{"rendered":"<p>L&rsquo;association Accueillir : L&rsquo;association de la Maison de la Francophonie de Bretagne \u00e0 Saint-Malo se donne pour objectif de promouvoir la francophonie, mobiliser la soci\u00e9t\u00e9 civile pour faire conna\u00eetre et [&hellip;]<\/p>\n","protected":false},"author":2,"featured_media":41,"parent":0,"menu_order":0,"comment_status":"closed","ping_status":"closed","template":"","meta":{"_uag_custom_page_level_css":"","site-sidebar-layout":"default","site-content-layout":"","ast-site-content-layout":"default","site-content-style":"default","site-sidebar-style":"default","ast-global-header-display":"","ast-banner-title-visibility":"","ast-main-header-display":"","ast-hfb-above-header-display":"","ast-hfb-below-header-display":"","ast-hfb-mobile-header-display":"","site-post-title":"disabled","ast-breadcrumbs-content":"","ast-featured-img":"","footer-sml-layout":"","ast-disable-related-posts":"","theme-transparent-header-meta":"","adv-header-id-meta":"","stick-header-meta":"","header-above-stick-meta":"","header-main-stick-meta":"","header-below-stick-meta":"","astra-migrate-meta-layouts":"default","ast-page-background-enabled":"default","ast-page-background-meta":{"desktop":{"background-color":"var(--ast-global-color-4)","background-image":"","background-repeat":"repeat","background-position":"center center","background-size":"auto","background-attachment":"scroll","background-type":"","background-media":"","overlay-type":"","overlay-color":"","overlay-opacity":"","overlay-gradient":""},"tablet":{"background-color":"","background-image":"","background-repeat":"repeat","background-position":"center center","background-size":"auto","background-attachment":"scroll","background-type":"","background-media":"","overlay-type":"","overlay-color":"","overlay-opacity":"","overlay-gradient":""},"mobile":{"background-color":"","background-image":"","background-repeat":"repeat","background-position":"center center","background-size":"auto","background-attachment":"scroll","background-type":"","background-media":"","overlay-type":"","overlay-color":"","overlay-opacity":"","overlay-gradient":""}},"ast-content-background-meta":{"desktop":{"background-color":"var(--ast-global-color-5)","background-image":"","background-repeat":"repeat","background-position":"center center","background-size":"auto","background-attachment":"scroll","background-type":"","background-media":"","overlay-type":"","overlay-color":"","overlay-opacity":"","overlay-gradient":""},"tablet":{"background-color":"var(--ast-global-color-5)","background-image":"","background-repeat":"repeat","background-position":"center center","background-size":"auto","background-attachment":"scroll","background-type":"","background-media":"","overlay-type":"","overlay-color":"","overlay-opacity":"","overlay-gradient":""},"mobile":{"background-color":"var(--ast-global-color-5)","background-image":"","background-repeat":"repeat","background-position":"center center","background-size":"auto","background-attachment":"scroll","background-type":"","background-media":"","overlay-type":"","overlay-color":"","overlay-opacity":"","overlay-gradient":""}},"footnotes":""},"class_list":["post-401","page","type-page","status-publish","has-post-thumbnail","hentry"],"uagb_featured_image_src":{"full":["https:\/\/afmb35.org\/wp-content\/uploads\/2024\/08\/Revision-logo-AFMB35ver-2.jpg",400,239,false],"thumbnail":["https:\/\/afmb35.org\/wp-content\/uploads\/2024\/08\/Revision-logo-AFMB35ver-2-150x150.jpg",150,150,true],"medium":["https:\/\/afmb35.org\/wp-content\/uploads\/2024\/08\/Revision-logo-AFMB35ver-2-300x179.jpg",300,179,true],"medium_large":["https:\/\/afmb35.org\/wp-content\/uploads\/2024\/08\/Revision-logo-AFMB35ver-2.jpg",400,239,false],"large":["https:\/\/afmb35.org\/wp-content\/uploads\/2024\/08\/Revision-logo-AFMB35ver-2.jpg",400,239,false],"1536x1536":["https:\/\/afmb35.org\/wp-content\/uploads\/2024\/08\/Revision-logo-AFMB35ver-2.jpg",400,239,false],"2048x2048":["https:\/\/afmb35.org\/wp-content\/uploads\/2024\/08\/Revision-logo-AFMB35ver-2.jpg",400,239,false]},"uagb_author_info":{"display_name":"Jean-Luc VILLETTE","author_link":"https:\/\/afmb35.org\/author\/jean-luc\/"},"uagb_comment_info":0,"uagb_excerpt":"L&rsquo;association Accueillir : L&rsquo;association de la Maison de la Francophonie de Bretagne \u00e0 Saint-Malo se donne pour objectif de promouvoir la francophonie, mobiliser la soci\u00e9t\u00e9 civile pour faire conna\u00eetre et [&hellip;]","_links":{"self":[{"href":"https:\/\/afmb35.org\/index.php\/wp-json\/wp\/v2\/pages\/401","targetHints":{"allow":["GET"]}}],"collection":[{"href":"https:\/\/afmb35.org\/index.php\/wp-json\/wp\/v2\/pages"}],"about":[{"href":"https:\/\/afmb35.org\/index.php\/wp-json\/wp\/v2\/types\/page"}],"author":[{"embeddable":true,"href":"https:\/\/afmb35.org\/index.php\/wp-json\/wp\/v2\/users\/2"}],"replies":[{"embeddable":true,"href":"https:\/\/afmb35.org\/index.php\/wp-json\/wp\/v2\/comments?post=401"}],"version-history":[{"count":35,"href":"https:\/\/afmb35.org\/index.php\/wp-json\/wp\/v2\/pages\/401\/revisions"}],"predecessor-version":[{"id":1465,"href":"https:\/\/afmb35.org\/index.php\/wp-json\/wp\/v2\/pages\/401\/revisions\/1465"}],"wp:featuredmedia":[{"embeddable":true,"href":"https:\/\/afmb35.org\/index.php\/wp-json\/wp\/v2\/media\/41"}],"wp:attachment":[{"href":"https:\/\/afmb35.org\/index.php\/wp-json\/wp\/v2\/media?parent=401"}],"curies":[{"name":"wp","href":"https:\/\/api.w.org\/{rel}","templated":true}]}}